{"id":3695070,"date":"2025-10-13T14:03:29","date_gmt":"2025-10-13T18:03:29","guid":{"rendered":"https:\/\/stoic-curie.212-227-153-4.plesk.page\/product\/valvula-de-retencao-em-linha-johnson-19-32mm\/"},"modified":"2026-02-25T00:27:47","modified_gmt":"2026-02-25T00:27:47","slug":"valvula-de-retencao-em-linha-johnson-19-32mm","status":"publish","type":"product","link":"https:\/\/stoic-curie.212-227-153-4.plesk.page\/pt\/product\/valvula-de-retencao-em-linha-johnson-19-32mm\/","title":{"rendered":"V\u00e1lvula de reten\u00e7\u00e3o em linha Johnson 19-32mm"},"content":{"rendered":"<p>V\u00e1lvula de reten\u00e7\u00e3o em linha Johnson 19-32mm &#8211; <\/p>\n<p>V\u00e1lvula de reten\u00e7\u00e3o em pl\u00e1stico Johnson. Mant\u00e9m a primora\u00e7\u00e3o em tubos de suc\u00e7\u00e3o. Montagem em linha, manuten\u00e7\u00e3o e limpeza sem ferramentas.<\/p>\n","protected":false},"excerpt":{"rendered":"<p>V\u00e1lvula de reten\u00e7\u00e3o em linha Johnson 19-32mm &#8211; V\u00e1lvula de reten\u00e7\u00e3o em pl\u00e1stico Johnson. Mant\u00e9m a primora\u00e7\u00e3o em tubos de<\/p>\n","protected":false},"featured_media":5936713,"comment_status":"closed","ping_status":"closed","template":"","meta":[],"product_brand":[3047],"product_cat":[1948,1957],"product_tag":[],"class_list":{"0":"post-3695070","1":"product","2":"type-product","3":"status-publish","4":"has-post-thumbnail","6":"product_brand-johnson-marine-pt","7":"product_cat-acessorios-para-canalizacao-de-plastico","8":"product_cat-valvulas-maritimas","10":"first","11":"instock","12":"shipping-taxable","13":"purchasable","14":"product-type-simple"},"_links":{"self":[{"href":"https:\/\/stoic-curie.212-227-153-4.plesk.page\/pt\/wp-json\/wp\/v2\/product\/3695070","targetHints":{"allow":["GET"]}}],"collection":[{"href":"https:\/\/stoic-curie.212-227-153-4.plesk.page\/pt\/wp-json\/wp\/v2\/product"}],"about":[{"href":"https:\/\/stoic-curie.212-227-153-4.plesk.page\/pt\/wp-json\/wp\/v2\/types\/product"}],"replies":[{"embeddable":true,"href":"https:\/\/stoic-curie.212-227-153-4.plesk.page\/pt\/wp-json\/wp\/v2\/comments?post=3695070"}],"version-history":[{"count":0,"href":"https:\/\/stoic-curie.212-227-153-4.plesk.page\/pt\/wp-json\/wp\/v2\/product\/3695070\/revisions"}],"wp:featuredmedia":[{"embeddable":true,"href":"https:\/\/stoic-curie.212-227-153-4.plesk.page\/pt\/wp-json\/wp\/v2\/media\/5936713"}],"wp:attachment":[{"href":"https:\/\/stoic-curie.212-227-153-4.plesk.page\/pt\/wp-json\/wp\/v2\/media?parent=3695070"}],"wp:term":[{"taxonomy":"product_brand","embeddable":true,"href":"https:\/\/stoic-curie.212-227-153-4.plesk.page\/pt\/wp-json\/wp\/v2\/product_brand?post=3695070"},{"taxonomy":"product_cat","embeddable":true,"href":"https:\/\/stoic-curie.212-227-153-4.plesk.page\/pt\/wp-json\/wp\/v2\/product_cat?post=3695070"},{"taxonomy":"product_tag","embeddable":true,"href":"https:\/\/stoic-curie.212-227-153-4.plesk.page\/pt\/wp-json\/wp\/v2\/product_tag?post=3695070"}],"curies":[{"name":"wp","href":"https:\/\/api.w.org\/{rel}","templated":true}]}}