{"id":3695145,"date":"2025-10-13T14:03:45","date_gmt":"2025-10-13T18:03:45","guid":{"rendered":"https:\/\/stoic-curie.212-227-153-4.plesk.page\/product\/reducao-de-latao-m-f-1-2-x-3-8\/"},"modified":"2026-02-25T00:27:48","modified_gmt":"2026-02-25T00:27:48","slug":"reducao-de-latao-m-f-1-2-x-3-8","status":"publish","type":"product","link":"https:\/\/stoic-curie.212-227-153-4.plesk.page\/pt\/product\/reducao-de-latao-m-f-1-2-x-3-8\/","title":{"rendered":"Redu\u00e7\u00e3o de lat\u00e3o M-F 1\/2&#8243; x 3\/8&#8243;"},"content":{"rendered":"<p>Redu\u00e7\u00e3o de lat\u00e3o M-F 1\/2&#8243; x 3\/8&#8243; &#8211; <\/p>\n<p>Tanque, filtro e v\u00e1lvula com conex\u00f5es de lat\u00e3o com rosca para g\u00e1s.<\/p>\n","protected":false},"excerpt":{"rendered":"<p>Redu\u00e7\u00e3o de lat\u00e3o M-F 1\/2&#8243; x 3\/8&#8243; &#8211; Tanque, filtro e v\u00e1lvula com conex\u00f5es de lat\u00e3o com rosca para g\u00e1s.<\/p>\n","protected":false},"featured_media":5938685,"comment_status":"closed","ping_status":"closed","template":"","meta":[],"product_brand":[2997],"product_cat":[1960],"product_tag":[],"class_list":{"0":"post-3695145","1":"product","2":"type-product","3":"status-publish","4":"has-post-thumbnail","6":"product_brand-guidi-marine-pt","7":"product_cat-acessorios-de-canalizacao-em-latao","9":"first","10":"instock","11":"shipping-taxable","12":"purchasable","13":"product-type-simple"},"_links":{"self":[{"href":"https:\/\/stoic-curie.212-227-153-4.plesk.page\/pt\/wp-json\/wp\/v2\/product\/3695145","targetHints":{"allow":["GET"]}}],"collection":[{"href":"https:\/\/stoic-curie.212-227-153-4.plesk.page\/pt\/wp-json\/wp\/v2\/product"}],"about":[{"href":"https:\/\/stoic-curie.212-227-153-4.plesk.page\/pt\/wp-json\/wp\/v2\/types\/product"}],"replies":[{"embeddable":true,"href":"https:\/\/stoic-curie.212-227-153-4.plesk.page\/pt\/wp-json\/wp\/v2\/comments?post=3695145"}],"version-history":[{"count":0,"href":"https:\/\/stoic-curie.212-227-153-4.plesk.page\/pt\/wp-json\/wp\/v2\/product\/3695145\/revisions"}],"wp:featuredmedia":[{"embeddable":true,"href":"https:\/\/stoic-curie.212-227-153-4.plesk.page\/pt\/wp-json\/wp\/v2\/media\/5938685"}],"wp:attachment":[{"href":"https:\/\/stoic-curie.212-227-153-4.plesk.page\/pt\/wp-json\/wp\/v2\/media?parent=3695145"}],"wp:term":[{"taxonomy":"product_brand","embeddable":true,"href":"https:\/\/stoic-curie.212-227-153-4.plesk.page\/pt\/wp-json\/wp\/v2\/product_brand?post=3695145"},{"taxonomy":"product_cat","embeddable":true,"href":"https:\/\/stoic-curie.212-227-153-4.plesk.page\/pt\/wp-json\/wp\/v2\/product_cat?post=3695145"},{"taxonomy":"product_tag","embeddable":true,"href":"https:\/\/stoic-curie.212-227-153-4.plesk.page\/pt\/wp-json\/wp\/v2\/product_tag?post=3695145"}],"curies":[{"name":"wp","href":"https:\/\/api.w.org\/{rel}","templated":true}]}}