{"id":3695186,"date":"2025-10-13T14:03:53","date_gmt":"2025-10-13T18:03:53","guid":{"rendered":"https:\/\/stoic-curie.212-227-153-4.plesk.page\/product\/conector-de-mangueira-em-aco-inoxidavel-femea-macho-3-8-x-15-mm\/"},"modified":"2026-02-25T00:27:48","modified_gmt":"2026-02-25T00:27:48","slug":"conector-de-mangueira-em-aco-inoxidavel-femea-macho-3-8-x-15-mm","status":"publish","type":"product","link":"https:\/\/stoic-curie.212-227-153-4.plesk.page\/pt\/product\/conector-de-mangueira-em-aco-inoxidavel-femea-macho-3-8-x-15-mm\/","title":{"rendered":"Conector de Mangueira em A\u00e7o Inoxid\u00e1vel F\u00eamea-Macho 3\/8&#8243; x 15 mm"},"content":{"rendered":"<p>Conector de Mangueira em A\u00e7o Inoxid\u00e1vel F\u00eamea-Macho 3\/8&#8243; x 15 mm &#8211; <\/p>\n<p>Conector f\u00eamea em a\u00e7o inoxid\u00e1vel para mangueira.<\/p>\n","protected":false},"excerpt":{"rendered":"<p>Conector de Mangueira em A\u00e7o Inoxid\u00e1vel F\u00eamea-Macho 3\/8&#8243; x 15 mm &#8211; Conector f\u00eamea em a\u00e7o inoxid\u00e1vel para mangueira.<\/p>\n","protected":false},"featured_media":5938691,"comment_status":"closed","ping_status":"closed","template":"","meta":[],"product_brand":[3357],"product_cat":[1952],"product_tag":[],"class_list":{"0":"post-3695186","1":"product","2":"type-product","3":"status-publish","4":"has-post-thumbnail","6":"product_brand-seaflow-pt","7":"product_cat-acessorios-para-tubagens-em-aco-inoxidavel","9":"first","10":"instock","11":"shipping-taxable","12":"purchasable","13":"product-type-simple"},"_links":{"self":[{"href":"https:\/\/stoic-curie.212-227-153-4.plesk.page\/pt\/wp-json\/wp\/v2\/product\/3695186","targetHints":{"allow":["GET"]}}],"collection":[{"href":"https:\/\/stoic-curie.212-227-153-4.plesk.page\/pt\/wp-json\/wp\/v2\/product"}],"about":[{"href":"https:\/\/stoic-curie.212-227-153-4.plesk.page\/pt\/wp-json\/wp\/v2\/types\/product"}],"replies":[{"embeddable":true,"href":"https:\/\/stoic-curie.212-227-153-4.plesk.page\/pt\/wp-json\/wp\/v2\/comments?post=3695186"}],"version-history":[{"count":0,"href":"https:\/\/stoic-curie.212-227-153-4.plesk.page\/pt\/wp-json\/wp\/v2\/product\/3695186\/revisions"}],"wp:featuredmedia":[{"embeddable":true,"href":"https:\/\/stoic-curie.212-227-153-4.plesk.page\/pt\/wp-json\/wp\/v2\/media\/5938691"}],"wp:attachment":[{"href":"https:\/\/stoic-curie.212-227-153-4.plesk.page\/pt\/wp-json\/wp\/v2\/media?parent=3695186"}],"wp:term":[{"taxonomy":"product_brand","embeddable":true,"href":"https:\/\/stoic-curie.212-227-153-4.plesk.page\/pt\/wp-json\/wp\/v2\/product_brand?post=3695186"},{"taxonomy":"product_cat","embeddable":true,"href":"https:\/\/stoic-curie.212-227-153-4.plesk.page\/pt\/wp-json\/wp\/v2\/product_cat?post=3695186"},{"taxonomy":"product_tag","embeddable":true,"href":"https:\/\/stoic-curie.212-227-153-4.plesk.page\/pt\/wp-json\/wp\/v2\/product_tag?post=3695186"}],"curies":[{"name":"wp","href":"https:\/\/api.w.org\/{rel}","templated":true}]}}