{"id":3695397,"date":"2025-10-13T14:04:33","date_gmt":"2025-10-13T18:04:33","guid":{"rendered":"https:\/\/stoic-curie.212-227-153-4.plesk.page\/product\/disjuntor-magnetico-021aa-20a\/"},"modified":"2026-02-25T00:27:50","modified_gmt":"2026-02-25T00:27:50","slug":"disjuntor-magnetico-021aa-20a","status":"publish","type":"product","link":"https:\/\/stoic-curie.212-227-153-4.plesk.page\/pt\/product\/disjuntor-magnetico-021aa-20a\/","title":{"rendered":"Disjuntor Magn\u00e9tico 021AA &#8211; 20A"},"content":{"rendered":"<p>Disjuntor Magn\u00e9tico 021AA &#8211; 20A &#8211; <\/p>\n<p>Disjuntor magn\u00e9tico reinsert\u00e1vel. Em caso de curto-circuito ou alta carga, interrompe a corrente. Pode ser reinsirido quando a emerg\u00eancia el\u00e9trica acaba. Furos padr\u00e3o entre-eixos 42,16 mm.<\/p>\n","protected":false},"excerpt":{"rendered":"<p>Disjuntor Magn\u00e9tico 021AA &#8211; 20A &#8211; Disjuntor magn\u00e9tico reinsert\u00e1vel. Em caso de curto-circuito ou alta carga, interrompe a corrente. Pode<\/p>\n","protected":false},"featured_media":5939230,"comment_status":"closed","ping_status":"closed","template":"","meta":[],"product_brand":[2832],"product_cat":[2035],"product_tag":[],"class_list":{"0":"post-3695397","1":"product","2":"type-product","3":"status-publish","4":"has-post-thumbnail","6":"product_brand-blue-sea-systems-pt","7":"product_cat-disjuntores-e-reles","9":"first","10":"instock","11":"shipping-taxable","12":"purchasable","13":"product-type-simple"},"_links":{"self":[{"href":"https:\/\/stoic-curie.212-227-153-4.plesk.page\/pt\/wp-json\/wp\/v2\/product\/3695397","targetHints":{"allow":["GET"]}}],"collection":[{"href":"https:\/\/stoic-curie.212-227-153-4.plesk.page\/pt\/wp-json\/wp\/v2\/product"}],"about":[{"href":"https:\/\/stoic-curie.212-227-153-4.plesk.page\/pt\/wp-json\/wp\/v2\/types\/product"}],"replies":[{"embeddable":true,"href":"https:\/\/stoic-curie.212-227-153-4.plesk.page\/pt\/wp-json\/wp\/v2\/comments?post=3695397"}],"version-history":[{"count":0,"href":"https:\/\/stoic-curie.212-227-153-4.plesk.page\/pt\/wp-json\/wp\/v2\/product\/3695397\/revisions"}],"wp:featuredmedia":[{"embeddable":true,"href":"https:\/\/stoic-curie.212-227-153-4.plesk.page\/pt\/wp-json\/wp\/v2\/media\/5939230"}],"wp:attachment":[{"href":"https:\/\/stoic-curie.212-227-153-4.plesk.page\/pt\/wp-json\/wp\/v2\/media?parent=3695397"}],"wp:term":[{"taxonomy":"product_brand","embeddable":true,"href":"https:\/\/stoic-curie.212-227-153-4.plesk.page\/pt\/wp-json\/wp\/v2\/product_brand?post=3695397"},{"taxonomy":"product_cat","embeddable":true,"href":"https:\/\/stoic-curie.212-227-153-4.plesk.page\/pt\/wp-json\/wp\/v2\/product_cat?post=3695397"},{"taxonomy":"product_tag","embeddable":true,"href":"https:\/\/stoic-curie.212-227-153-4.plesk.page\/pt\/wp-json\/wp\/v2\/product_tag?post=3695397"}],"curies":[{"name":"wp","href":"https:\/\/api.w.org\/{rel}","templated":true}]}}