{"id":3695414,"date":"2025-10-13T14:04:36","date_gmt":"2025-10-13T18:04:36","guid":{"rendered":"https:\/\/stoic-curie.212-227-153-4.plesk.page\/product\/interruptores-eletricos-basculantes-com-alavanca-em-latao-3t-20a-ligado-desligado-ligado\/"},"modified":"2026-02-25T00:27:50","modified_gmt":"2026-02-25T00:27:50","slug":"interruptores-eletricos-basculantes-com-alavanca-em-latao-3t-20a-ligado-desligado-ligado","status":"publish","type":"product","link":"https:\/\/stoic-curie.212-227-153-4.plesk.page\/pt\/product\/interruptores-eletricos-basculantes-com-alavanca-em-latao-3t-20a-ligado-desligado-ligado\/","title":{"rendered":"Interruptores El\u00e9tricos Basculantes com Alavanca em Lat\u00e3o 3T 20A Ligado-Desligado-Ligado"},"content":{"rendered":"<p>Interruptores El\u00e9tricos Basculantes com Alavanca em Lat\u00e3o 3T 20A Ligado-Desligado-Ligado &#8211; <\/p>\n<p>Interruptores de corpo em resina de qualidade MTM com Al\u00e7a de lat\u00e3o. &#8216;On&#8217; entre par\u00eanteses (On) indica uma posi\u00e7\u00e3o moment\u00e2nea.<\/p>\n","protected":false},"excerpt":{"rendered":"<p>Interruptores El\u00e9tricos Basculantes com Alavanca em Lat\u00e3o 3T 20A Ligado-Desligado-Ligado &#8211; Interruptores de corpo em resina de qualidade MTM com<\/p>\n","protected":false},"featured_media":5939251,"comment_status":"closed","ping_status":"closed","template":"","meta":[],"product_brand":[2832],"product_cat":[2030],"product_tag":[],"class_list":{"0":"post-3695414","1":"product","2":"type-product","3":"status-publish","4":"has-post-thumbnail","6":"product_brand-blue-sea-systems-pt","7":"product_cat-interruptores-e-comutadores","9":"first","10":"instock","11":"shipping-taxable","12":"purchasable","13":"product-type-simple"},"_links":{"self":[{"href":"https:\/\/stoic-curie.212-227-153-4.plesk.page\/pt\/wp-json\/wp\/v2\/product\/3695414","targetHints":{"allow":["GET"]}}],"collection":[{"href":"https:\/\/stoic-curie.212-227-153-4.plesk.page\/pt\/wp-json\/wp\/v2\/product"}],"about":[{"href":"https:\/\/stoic-curie.212-227-153-4.plesk.page\/pt\/wp-json\/wp\/v2\/types\/product"}],"replies":[{"embeddable":true,"href":"https:\/\/stoic-curie.212-227-153-4.plesk.page\/pt\/wp-json\/wp\/v2\/comments?post=3695414"}],"version-history":[{"count":0,"href":"https:\/\/stoic-curie.212-227-153-4.plesk.page\/pt\/wp-json\/wp\/v2\/product\/3695414\/revisions"}],"wp:featuredmedia":[{"embeddable":true,"href":"https:\/\/stoic-curie.212-227-153-4.plesk.page\/pt\/wp-json\/wp\/v2\/media\/5939251"}],"wp:attachment":[{"href":"https:\/\/stoic-curie.212-227-153-4.plesk.page\/pt\/wp-json\/wp\/v2\/media?parent=3695414"}],"wp:term":[{"taxonomy":"product_brand","embeddable":true,"href":"https:\/\/stoic-curie.212-227-153-4.plesk.page\/pt\/wp-json\/wp\/v2\/product_brand?post=3695414"},{"taxonomy":"product_cat","embeddable":true,"href":"https:\/\/stoic-curie.212-227-153-4.plesk.page\/pt\/wp-json\/wp\/v2\/product_cat?post=3695414"},{"taxonomy":"product_tag","embeddable":true,"href":"https:\/\/stoic-curie.212-227-153-4.plesk.page\/pt\/wp-json\/wp\/v2\/product_tag?post=3695414"}],"curies":[{"name":"wp","href":"https:\/\/api.w.org\/{rel}","templated":true}]}}