{"id":3695418,"date":"2025-10-13T14:04:37","date_gmt":"2025-10-13T18:04:37","guid":{"rendered":"https:\/\/stoic-curie.212-227-153-4.plesk.page\/product\/interruptor-basculante-eletrico-16a-3t-ligado-desligado\/"},"modified":"2026-02-25T00:27:50","modified_gmt":"2026-02-25T00:27:50","slug":"interruptor-basculante-eletrico-16a-3t-ligado-desligado","status":"publish","type":"product","link":"https:\/\/stoic-curie.212-227-153-4.plesk.page\/pt\/product\/interruptor-basculante-eletrico-16a-3t-ligado-desligado\/","title":{"rendered":"Interruptor Basculante El\u00e9trico 16A 3T (Ligado-Desligado)"},"content":{"rendered":"<p>Interruptor Basculante El\u00e9trico 16A 3T (Ligado-Desligado) &#8211; <\/p>\n<p>Interruptor de alavanca de resina 12V com luz LED e cabo de pl\u00e1stico. On entre par\u00eanteses (On) indica uma posi\u00e7\u00e3o moment\u00e2nea.<\/p>\n","protected":false},"excerpt":{"rendered":"<p>Interruptor Basculante El\u00e9trico 16A 3T (Ligado-Desligado) &#8211; Interruptor de alavanca de resina 12V com luz LED e cabo de pl\u00e1stico.<\/p>\n","protected":false},"featured_media":5939258,"comment_status":"closed","ping_status":"closed","template":"","meta":[],"product_brand":[2832],"product_cat":[2030],"product_tag":[],"class_list":{"0":"post-3695418","1":"product","2":"type-product","3":"status-publish","4":"has-post-thumbnail","6":"product_brand-blue-sea-systems-pt","7":"product_cat-interruptores-e-comutadores","9":"first","10":"instock","11":"shipping-taxable","12":"purchasable","13":"product-type-simple"},"_links":{"self":[{"href":"https:\/\/stoic-curie.212-227-153-4.plesk.page\/pt\/wp-json\/wp\/v2\/product\/3695418","targetHints":{"allow":["GET"]}}],"collection":[{"href":"https:\/\/stoic-curie.212-227-153-4.plesk.page\/pt\/wp-json\/wp\/v2\/product"}],"about":[{"href":"https:\/\/stoic-curie.212-227-153-4.plesk.page\/pt\/wp-json\/wp\/v2\/types\/product"}],"replies":[{"embeddable":true,"href":"https:\/\/stoic-curie.212-227-153-4.plesk.page\/pt\/wp-json\/wp\/v2\/comments?post=3695418"}],"version-history":[{"count":0,"href":"https:\/\/stoic-curie.212-227-153-4.plesk.page\/pt\/wp-json\/wp\/v2\/product\/3695418\/revisions"}],"wp:featuredmedia":[{"embeddable":true,"href":"https:\/\/stoic-curie.212-227-153-4.plesk.page\/pt\/wp-json\/wp\/v2\/media\/5939258"}],"wp:attachment":[{"href":"https:\/\/stoic-curie.212-227-153-4.plesk.page\/pt\/wp-json\/wp\/v2\/media?parent=3695418"}],"wp:term":[{"taxonomy":"product_brand","embeddable":true,"href":"https:\/\/stoic-curie.212-227-153-4.plesk.page\/pt\/wp-json\/wp\/v2\/product_brand?post=3695418"},{"taxonomy":"product_cat","embeddable":true,"href":"https:\/\/stoic-curie.212-227-153-4.plesk.page\/pt\/wp-json\/wp\/v2\/product_cat?post=3695418"},{"taxonomy":"product_tag","embeddable":true,"href":"https:\/\/stoic-curie.212-227-153-4.plesk.page\/pt\/wp-json\/wp\/v2\/product_tag?post=3695418"}],"curies":[{"name":"wp","href":"https:\/\/api.w.org\/{rel}","templated":true}]}}