{"id":3695428,"date":"2025-10-13T14:04:38","date_gmt":"2025-10-13T18:04:38","guid":{"rendered":"https:\/\/stoic-curie.212-227-153-4.plesk.page\/product\/botao-cinzento-de-desligar-de-emergencia\/"},"modified":"2026-02-25T00:27:50","modified_gmt":"2026-02-25T00:27:50","slug":"botao-cinzento-de-desligar-de-emergencia","status":"publish","type":"product","link":"https:\/\/stoic-curie.212-227-153-4.plesk.page\/pt\/product\/botao-cinzento-de-desligar-de-emergencia\/","title":{"rendered":"Bot\u00e3o Cinzento de Desligar de Emerg\u00eancia"},"content":{"rendered":"<p>Bot\u00e3o Cinzento de Desligar de Emerg\u00eancia &#8211; <\/p>\n<p>Interruptor de seguran\u00e7a universal com tampa e cord\u00e3o de puxar r\u00e1pido que interrompe a igni\u00e7\u00e3o e para o motor fora de borda em caso de homem ao mar. Conex\u00e3o do tipo pino de 4 polos. Fia\u00e7\u00e3o dos polos C: interrup\u00e7\u00e3o do circuito para motores de nova gera\u00e7\u00e3o. Fia\u00e7\u00e3o dos polos M: interrup\u00e7\u00e3o de terra para motores de gera\u00e7\u00e3o antiga.<\/p>\n","protected":false},"excerpt":{"rendered":"<p>Bot\u00e3o Cinzento de Desligar de Emerg\u00eancia &#8211; Interruptor de seguran\u00e7a universal com tampa e cord\u00e3o de puxar r\u00e1pido que interrompe<\/p>\n","protected":false},"featured_media":5939272,"comment_status":"closed","ping_status":"closed","template":"","meta":[],"product_brand":[3237],"product_cat":[2114],"product_tag":[],"class_list":{"0":"post-3695428","1":"product","2":"type-product","3":"status-publish","4":"has-post-thumbnail","6":"product_brand-osculati-pt","7":"product_cat-acessorios-para-motores-fora-de-bordo","9":"first","10":"instock","11":"shipping-taxable","12":"purchasable","13":"product-type-simple"},"_links":{"self":[{"href":"https:\/\/stoic-curie.212-227-153-4.plesk.page\/pt\/wp-json\/wp\/v2\/product\/3695428","targetHints":{"allow":["GET"]}}],"collection":[{"href":"https:\/\/stoic-curie.212-227-153-4.plesk.page\/pt\/wp-json\/wp\/v2\/product"}],"about":[{"href":"https:\/\/stoic-curie.212-227-153-4.plesk.page\/pt\/wp-json\/wp\/v2\/types\/product"}],"replies":[{"embeddable":true,"href":"https:\/\/stoic-curie.212-227-153-4.plesk.page\/pt\/wp-json\/wp\/v2\/comments?post=3695428"}],"version-history":[{"count":0,"href":"https:\/\/stoic-curie.212-227-153-4.plesk.page\/pt\/wp-json\/wp\/v2\/product\/3695428\/revisions"}],"wp:featuredmedia":[{"embeddable":true,"href":"https:\/\/stoic-curie.212-227-153-4.plesk.page\/pt\/wp-json\/wp\/v2\/media\/5939272"}],"wp:attachment":[{"href":"https:\/\/stoic-curie.212-227-153-4.plesk.page\/pt\/wp-json\/wp\/v2\/media?parent=3695428"}],"wp:term":[{"taxonomy":"product_brand","embeddable":true,"href":"https:\/\/stoic-curie.212-227-153-4.plesk.page\/pt\/wp-json\/wp\/v2\/product_brand?post=3695428"},{"taxonomy":"product_cat","embeddable":true,"href":"https:\/\/stoic-curie.212-227-153-4.plesk.page\/pt\/wp-json\/wp\/v2\/product_cat?post=3695428"},{"taxonomy":"product_tag","embeddable":true,"href":"https:\/\/stoic-curie.212-227-153-4.plesk.page\/pt\/wp-json\/wp\/v2\/product_tag?post=3695428"}],"curies":[{"name":"wp","href":"https:\/\/api.w.org\/{rel}","templated":true}]}}