{"id":3695432,"date":"2025-10-13T14:04:39","date_gmt":"2025-10-13T18:04:39","guid":{"rendered":"https:\/\/stoic-curie.212-227-153-4.plesk.page\/product\/painel-de-contorno-anodizado-preto-com-interruptores-a-prova-de-agua-4-x-15a-135-x-a95-mm\/"},"modified":"2026-02-25T00:27:50","modified_gmt":"2026-02-25T00:27:50","slug":"painel-de-contorno-anodizado-preto-com-interruptores-a-prova-de-agua-4-x-15a-135-x-a95-mm","status":"publish","type":"product","link":"https:\/\/stoic-curie.212-227-153-4.plesk.page\/pt\/product\/painel-de-contorno-anodizado-preto-com-interruptores-a-prova-de-agua-4-x-15a-135-x-a95-mm\/","title":{"rendered":"Painel de Contorno Anodizado Preto com Interruptores \u00e0 Prova de \u00c1gua 4 x 15A 135 x A95 mm"},"content":{"rendered":"<p>Painel de Contorno Anodizado Preto com Interruptores \u00e0 Prova de \u00c1gua 4 x 15A 135 x A95 mm &#8211; <\/p>\n<p>Painel anodizado preto com interruptores \u00e0 prova d&#8217;\u00e1gua, suportes para fus\u00edveis e etiquetas impressas.<\/p>\n","protected":false},"excerpt":{"rendered":"<p>Painel de Contorno Anodizado Preto com Interruptores \u00e0 Prova de \u00c1gua 4 x 15A 135 x A95 mm &#8211; Painel<\/p>\n","protected":false},"featured_media":5939277,"comment_status":"closed","ping_status":"closed","template":"","meta":[],"product_brand":[3237],"product_cat":[2033],"product_tag":[],"class_list":{"0":"post-3695432","1":"product","2":"type-product","3":"status-publish","4":"has-post-thumbnail","6":"product_brand-osculati-pt","7":"product_cat-quadros-eletricos","9":"first","10":"instock","11":"shipping-taxable","12":"purchasable","13":"product-type-simple"},"_links":{"self":[{"href":"https:\/\/stoic-curie.212-227-153-4.plesk.page\/pt\/wp-json\/wp\/v2\/product\/3695432","targetHints":{"allow":["GET"]}}],"collection":[{"href":"https:\/\/stoic-curie.212-227-153-4.plesk.page\/pt\/wp-json\/wp\/v2\/product"}],"about":[{"href":"https:\/\/stoic-curie.212-227-153-4.plesk.page\/pt\/wp-json\/wp\/v2\/types\/product"}],"replies":[{"embeddable":true,"href":"https:\/\/stoic-curie.212-227-153-4.plesk.page\/pt\/wp-json\/wp\/v2\/comments?post=3695432"}],"version-history":[{"count":0,"href":"https:\/\/stoic-curie.212-227-153-4.plesk.page\/pt\/wp-json\/wp\/v2\/product\/3695432\/revisions"}],"wp:featuredmedia":[{"embeddable":true,"href":"https:\/\/stoic-curie.212-227-153-4.plesk.page\/pt\/wp-json\/wp\/v2\/media\/5939277"}],"wp:attachment":[{"href":"https:\/\/stoic-curie.212-227-153-4.plesk.page\/pt\/wp-json\/wp\/v2\/media?parent=3695432"}],"wp:term":[{"taxonomy":"product_brand","embeddable":true,"href":"https:\/\/stoic-curie.212-227-153-4.plesk.page\/pt\/wp-json\/wp\/v2\/product_brand?post=3695432"},{"taxonomy":"product_cat","embeddable":true,"href":"https:\/\/stoic-curie.212-227-153-4.plesk.page\/pt\/wp-json\/wp\/v2\/product_cat?post=3695432"},{"taxonomy":"product_tag","embeddable":true,"href":"https:\/\/stoic-curie.212-227-153-4.plesk.page\/pt\/wp-json\/wp\/v2\/product_tag?post=3695432"}],"curies":[{"name":"wp","href":"https:\/\/api.w.org\/{rel}","templated":true}]}}