{"id":3695434,"date":"2025-10-13T14:04:39","date_gmt":"2025-10-13T18:04:39","guid":{"rendered":"https:\/\/stoic-curie.212-227-153-4.plesk.page\/product\/painel-eletrico-abs-preto-com-6-interruptores-led-a-prova-de-agua-125-x-a100-mm\/"},"modified":"2026-02-25T00:27:50","modified_gmt":"2026-02-25T00:27:50","slug":"painel-eletrico-abs-preto-com-6-interruptores-led-a-prova-de-agua-125-x-a100-mm","status":"publish","type":"product","link":"https:\/\/stoic-curie.212-227-153-4.plesk.page\/pt\/product\/painel-eletrico-abs-preto-com-6-interruptores-led-a-prova-de-agua-125-x-a100-mm\/","title":{"rendered":"Painel El\u00e9trico ABS Preto com 6 Interruptores LED \u00e0 Prova de \u00c1gua 125 x A100 mm"},"content":{"rendered":"<p>Painel El\u00e9trico ABS Preto com 6 Interruptores LED \u00e0 Prova de \u00c1gua 125 x A100 mm &#8211; <\/p>\n<p>Painel de ABS com interruptores \u00e0 prova d&#8217;\u00e1gua e suportes para fus\u00edveis, completo com r\u00f3tulos pr\u00e9-impressos.<\/p>\n","protected":false},"excerpt":{"rendered":"<p>Painel El\u00e9trico ABS Preto com 6 Interruptores LED \u00e0 Prova de \u00c1gua 125 x A100 mm &#8211; Painel de ABS<\/p>\n","protected":false},"featured_media":5939276,"comment_status":"closed","ping_status":"closed","template":"","meta":[],"product_brand":[3237],"product_cat":[2033],"product_tag":[],"class_list":{"0":"post-3695434","1":"product","2":"type-product","3":"status-publish","4":"has-post-thumbnail","6":"product_brand-osculati-pt","7":"product_cat-quadros-eletricos","9":"first","10":"instock","11":"shipping-taxable","12":"purchasable","13":"product-type-simple"},"_links":{"self":[{"href":"https:\/\/stoic-curie.212-227-153-4.plesk.page\/pt\/wp-json\/wp\/v2\/product\/3695434","targetHints":{"allow":["GET"]}}],"collection":[{"href":"https:\/\/stoic-curie.212-227-153-4.plesk.page\/pt\/wp-json\/wp\/v2\/product"}],"about":[{"href":"https:\/\/stoic-curie.212-227-153-4.plesk.page\/pt\/wp-json\/wp\/v2\/types\/product"}],"replies":[{"embeddable":true,"href":"https:\/\/stoic-curie.212-227-153-4.plesk.page\/pt\/wp-json\/wp\/v2\/comments?post=3695434"}],"version-history":[{"count":0,"href":"https:\/\/stoic-curie.212-227-153-4.plesk.page\/pt\/wp-json\/wp\/v2\/product\/3695434\/revisions"}],"wp:featuredmedia":[{"embeddable":true,"href":"https:\/\/stoic-curie.212-227-153-4.plesk.page\/pt\/wp-json\/wp\/v2\/media\/5939276"}],"wp:attachment":[{"href":"https:\/\/stoic-curie.212-227-153-4.plesk.page\/pt\/wp-json\/wp\/v2\/media?parent=3695434"}],"wp:term":[{"taxonomy":"product_brand","embeddable":true,"href":"https:\/\/stoic-curie.212-227-153-4.plesk.page\/pt\/wp-json\/wp\/v2\/product_brand?post=3695434"},{"taxonomy":"product_cat","embeddable":true,"href":"https:\/\/stoic-curie.212-227-153-4.plesk.page\/pt\/wp-json\/wp\/v2\/product_cat?post=3695434"},{"taxonomy":"product_tag","embeddable":true,"href":"https:\/\/stoic-curie.212-227-153-4.plesk.page\/pt\/wp-json\/wp\/v2\/product_tag?post=3695434"}],"curies":[{"name":"wp","href":"https:\/\/api.w.org\/{rel}","templated":true}]}}