{"id":3695440,"date":"2025-10-13T14:04:40","date_gmt":"2025-10-13T18:04:40","guid":{"rendered":"https:\/\/stoic-curie.212-227-153-4.plesk.page\/product\/painel-eletrico-wp-matic-preto-com-3-interruptores-led-130-x-a110-mm\/"},"modified":"2026-02-25T00:27:51","modified_gmt":"2026-02-25T00:27:51","slug":"painel-eletrico-wp-matic-preto-com-3-interruptores-led-130-x-a110-mm","status":"publish","type":"product","link":"https:\/\/stoic-curie.212-227-153-4.plesk.page\/pt\/product\/painel-eletrico-wp-matic-preto-com-3-interruptores-led-130-x-a110-mm\/","title":{"rendered":"Painel El\u00e9trico WP-MATIC Preto com 3 Interruptores LED 130 x A110 mm"},"content":{"rendered":"<p>Painel El\u00e9trico WP-MATIC Preto com 3 Interruptores LED 130 x A110 mm &#8211; <\/p>\n<p>Painel anodizado preto com interruptores \u00e0 prova d&#8217;\u00e1gua, luzes piloto LED e disjuntores de rein\u00edcio por bot\u00e3o. Completo com etiquetas impressas.<\/p>\n","protected":false},"excerpt":{"rendered":"<p>Painel El\u00e9trico WP-MATIC Preto com 3 Interruptores LED 130 x A110 mm &#8211; Painel anodizado preto com interruptores \u00e0 prova<\/p>\n","protected":false},"featured_media":5939293,"comment_status":"closed","ping_status":"closed","template":"","meta":[],"product_brand":[2832],"product_cat":[2033],"product_tag":[],"class_list":{"0":"post-3695440","1":"product","2":"type-product","3":"status-publish","4":"has-post-thumbnail","6":"product_brand-blue-sea-systems-pt","7":"product_cat-quadros-eletricos","9":"first","10":"instock","11":"shipping-taxable","12":"purchasable","13":"product-type-simple"},"_links":{"self":[{"href":"https:\/\/stoic-curie.212-227-153-4.plesk.page\/pt\/wp-json\/wp\/v2\/product\/3695440","targetHints":{"allow":["GET"]}}],"collection":[{"href":"https:\/\/stoic-curie.212-227-153-4.plesk.page\/pt\/wp-json\/wp\/v2\/product"}],"about":[{"href":"https:\/\/stoic-curie.212-227-153-4.plesk.page\/pt\/wp-json\/wp\/v2\/types\/product"}],"replies":[{"embeddable":true,"href":"https:\/\/stoic-curie.212-227-153-4.plesk.page\/pt\/wp-json\/wp\/v2\/comments?post=3695440"}],"version-history":[{"count":0,"href":"https:\/\/stoic-curie.212-227-153-4.plesk.page\/pt\/wp-json\/wp\/v2\/product\/3695440\/revisions"}],"wp:featuredmedia":[{"embeddable":true,"href":"https:\/\/stoic-curie.212-227-153-4.plesk.page\/pt\/wp-json\/wp\/v2\/media\/5939293"}],"wp:attachment":[{"href":"https:\/\/stoic-curie.212-227-153-4.plesk.page\/pt\/wp-json\/wp\/v2\/media?parent=3695440"}],"wp:term":[{"taxonomy":"product_brand","embeddable":true,"href":"https:\/\/stoic-curie.212-227-153-4.plesk.page\/pt\/wp-json\/wp\/v2\/product_brand?post=3695440"},{"taxonomy":"product_cat","embeddable":true,"href":"https:\/\/stoic-curie.212-227-153-4.plesk.page\/pt\/wp-json\/wp\/v2\/product_cat?post=3695440"},{"taxonomy":"product_tag","embeddable":true,"href":"https:\/\/stoic-curie.212-227-153-4.plesk.page\/pt\/wp-json\/wp\/v2\/product_tag?post=3695440"}],"curies":[{"name":"wp","href":"https:\/\/api.w.org\/{rel}","templated":true}]}}