{"id":3695449,"date":"2025-10-13T14:04:41","date_gmt":"2025-10-13T18:04:41","guid":{"rendered":"https:\/\/stoic-curie.212-227-153-4.plesk.page\/product\/interruptor-de-bateria-bep-275a\/"},"modified":"2026-02-25T00:27:51","modified_gmt":"2026-02-25T00:27:51","slug":"interruptor-de-bateria-bep-275a","status":"publish","type":"product","link":"https:\/\/stoic-curie.212-227-153-4.plesk.page\/pt\/product\/interruptor-de-bateria-bep-275a\/","title":{"rendered":"Interruptor de Bateria BEP 275A"},"content":{"rendered":"<p>Interruptor de Bateria BEP 275A &#8211; <\/p>\n<p>Interruptor de bateria de montagem em superf\u00edcie com controle de bot\u00e3o girat\u00f3rio.<\/p>\n","protected":false},"excerpt":{"rendered":"<p>Interruptor de Bateria BEP 275A &#8211; Interruptor de bateria de montagem em superf\u00edcie com controle de bot\u00e3o girat\u00f3rio.<\/p>\n","protected":false},"featured_media":5939305,"comment_status":"closed","ping_status":"closed","template":"","meta":[],"product_brand":[2827],"product_cat":[2032],"product_tag":[],"class_list":{"0":"post-3695449","1":"product","2":"type-product","3":"status-publish","4":"has-post-thumbnail","6":"product_brand-bep-marine-pt","7":"product_cat-corta-circuitos-para-bateria","9":"first","10":"instock","11":"shipping-taxable","12":"purchasable","13":"product-type-simple"},"_links":{"self":[{"href":"https:\/\/stoic-curie.212-227-153-4.plesk.page\/pt\/wp-json\/wp\/v2\/product\/3695449","targetHints":{"allow":["GET"]}}],"collection":[{"href":"https:\/\/stoic-curie.212-227-153-4.plesk.page\/pt\/wp-json\/wp\/v2\/product"}],"about":[{"href":"https:\/\/stoic-curie.212-227-153-4.plesk.page\/pt\/wp-json\/wp\/v2\/types\/product"}],"replies":[{"embeddable":true,"href":"https:\/\/stoic-curie.212-227-153-4.plesk.page\/pt\/wp-json\/wp\/v2\/comments?post=3695449"}],"version-history":[{"count":0,"href":"https:\/\/stoic-curie.212-227-153-4.plesk.page\/pt\/wp-json\/wp\/v2\/product\/3695449\/revisions"}],"wp:featuredmedia":[{"embeddable":true,"href":"https:\/\/stoic-curie.212-227-153-4.plesk.page\/pt\/wp-json\/wp\/v2\/media\/5939305"}],"wp:attachment":[{"href":"https:\/\/stoic-curie.212-227-153-4.plesk.page\/pt\/wp-json\/wp\/v2\/media?parent=3695449"}],"wp:term":[{"taxonomy":"product_brand","embeddable":true,"href":"https:\/\/stoic-curie.212-227-153-4.plesk.page\/pt\/wp-json\/wp\/v2\/product_brand?post=3695449"},{"taxonomy":"product_cat","embeddable":true,"href":"https:\/\/stoic-curie.212-227-153-4.plesk.page\/pt\/wp-json\/wp\/v2\/product_cat?post=3695449"},{"taxonomy":"product_tag","embeddable":true,"href":"https:\/\/stoic-curie.212-227-153-4.plesk.page\/pt\/wp-json\/wp\/v2\/product_tag?post=3695449"}],"curies":[{"name":"wp","href":"https:\/\/api.w.org\/{rel}","templated":true}]}}