{"id":3695466,"date":"2025-10-13T14:04:58","date_gmt":"2025-10-13T18:04:58","guid":{"rendered":"https:\/\/stoic-curie.212-227-153-4.plesk.page\/product\/ficha-eletrica-quick-hypertac-de-7-polos-12a\/"},"modified":"2026-02-25T00:27:51","modified_gmt":"2026-02-25T00:27:51","slug":"ficha-eletrica-quick-hypertac-de-7-polos-12a","status":"publish","type":"product","link":"https:\/\/stoic-curie.212-227-153-4.plesk.page\/pt\/product\/ficha-eletrica-quick-hypertac-de-7-polos-12a\/","title":{"rendered":"Ficha El\u00e9trica Quick Hypertac de 7 P\u00f3los 12A"},"content":{"rendered":"<p>Ficha El\u00e9trica Quick Hypertac de 7 P\u00f3los 12A &#8211; <\/p>\n<p>Tomadas de policarbonato \u00e0 prova d&#8217;\u00e1gua IP67 completas com plugue. Contatos Hypertac de alta capacidade com excelente continuidade el\u00e9trica.<\/p>\n","protected":false},"excerpt":{"rendered":"<p>Ficha El\u00e9trica Quick Hypertac de 7 P\u00f3los 12A &#8211; Tomadas de policarbonato \u00e0 prova d&#8217;\u00e1gua IP67 completas com plugue. Contatos<\/p>\n","protected":false},"featured_media":5939326,"comment_status":"closed","ping_status":"closed","template":"","meta":[],"product_brand":[3282],"product_cat":[2027],"product_tag":[],"class_list":{"0":"post-3695466","1":"product","2":"type-product","3":"status-publish","4":"has-post-thumbnail","6":"product_brand-quick-pt","7":"product_cat-acessorios-eletricos","9":"first","10":"instock","11":"shipping-taxable","12":"purchasable","13":"product-type-simple"},"_links":{"self":[{"href":"https:\/\/stoic-curie.212-227-153-4.plesk.page\/pt\/wp-json\/wp\/v2\/product\/3695466","targetHints":{"allow":["GET"]}}],"collection":[{"href":"https:\/\/stoic-curie.212-227-153-4.plesk.page\/pt\/wp-json\/wp\/v2\/product"}],"about":[{"href":"https:\/\/stoic-curie.212-227-153-4.plesk.page\/pt\/wp-json\/wp\/v2\/types\/product"}],"replies":[{"embeddable":true,"href":"https:\/\/stoic-curie.212-227-153-4.plesk.page\/pt\/wp-json\/wp\/v2\/comments?post=3695466"}],"version-history":[{"count":0,"href":"https:\/\/stoic-curie.212-227-153-4.plesk.page\/pt\/wp-json\/wp\/v2\/product\/3695466\/revisions"}],"wp:featuredmedia":[{"embeddable":true,"href":"https:\/\/stoic-curie.212-227-153-4.plesk.page\/pt\/wp-json\/wp\/v2\/media\/5939326"}],"wp:attachment":[{"href":"https:\/\/stoic-curie.212-227-153-4.plesk.page\/pt\/wp-json\/wp\/v2\/media?parent=3695466"}],"wp:term":[{"taxonomy":"product_brand","embeddable":true,"href":"https:\/\/stoic-curie.212-227-153-4.plesk.page\/pt\/wp-json\/wp\/v2\/product_brand?post=3695466"},{"taxonomy":"product_cat","embeddable":true,"href":"https:\/\/stoic-curie.212-227-153-4.plesk.page\/pt\/wp-json\/wp\/v2\/product_cat?post=3695466"},{"taxonomy":"product_tag","embeddable":true,"href":"https:\/\/stoic-curie.212-227-153-4.plesk.page\/pt\/wp-json\/wp\/v2\/product_tag?post=3695466"}],"curies":[{"name":"wp","href":"https:\/\/api.w.org\/{rel}","templated":true}]}}