{"id":3695471,"date":"2025-10-13T14:05:00","date_gmt":"2025-10-13T18:05:00","guid":{"rendered":"https:\/\/stoic-curie.212-227-153-4.plesk.page\/product\/suporte-de-aco-inoxidavel-para-tubo-22-30mm-mini-e-luzes-de-navegacao-midi\/"},"modified":"2026-02-25T00:27:51","modified_gmt":"2026-02-25T00:27:51","slug":"suporte-de-aco-inoxidavel-para-tubo-22-30mm-mini-e-luzes-de-navegacao-midi","status":"publish","type":"product","link":"https:\/\/stoic-curie.212-227-153-4.plesk.page\/pt\/product\/suporte-de-aco-inoxidavel-para-tubo-22-30mm-mini-e-luzes-de-navegacao-midi\/","title":{"rendered":"Suporte de A\u00e7o Inoxid\u00e1vel para Tubo 22-30mm (Mini e Luzes de Navega\u00e7\u00e3o Midi)"},"content":{"rendered":"<p>Suporte de A\u00e7o Inoxid\u00e1vel para Tubo 22-30mm (Mini e Luzes de Navega\u00e7\u00e3o Midi) &#8211; <\/p>\n<p>Suportes universais para luzes de navega\u00e7\u00e3o Mini e Midi.<\/p>\n","protected":false},"excerpt":{"rendered":"<p>Suporte de A\u00e7o Inoxid\u00e1vel para Tubo 22-30mm (Mini e Luzes de Navega\u00e7\u00e3o Midi) &#8211; Suportes universais para luzes de navega\u00e7\u00e3o<\/p>\n","protected":false},"featured_media":5939340,"comment_status":"closed","ping_status":"closed","template":"","meta":[],"product_brand":[3492],"product_cat":[2028,2023],"product_tag":[],"class_list":{"0":"post-3695471","1":"product","2":"type-product","3":"status-publish","4":"has-post-thumbnail","6":"product_brand-trem-pt","7":"product_cat-luzes-de-navegacao","8":"product_cat-luzes-de-navegacao-led","10":"first","11":"instock","12":"shipping-taxable","13":"purchasable","14":"product-type-simple"},"_links":{"self":[{"href":"https:\/\/stoic-curie.212-227-153-4.plesk.page\/pt\/wp-json\/wp\/v2\/product\/3695471","targetHints":{"allow":["GET"]}}],"collection":[{"href":"https:\/\/stoic-curie.212-227-153-4.plesk.page\/pt\/wp-json\/wp\/v2\/product"}],"about":[{"href":"https:\/\/stoic-curie.212-227-153-4.plesk.page\/pt\/wp-json\/wp\/v2\/types\/product"}],"replies":[{"embeddable":true,"href":"https:\/\/stoic-curie.212-227-153-4.plesk.page\/pt\/wp-json\/wp\/v2\/comments?post=3695471"}],"version-history":[{"count":0,"href":"https:\/\/stoic-curie.212-227-153-4.plesk.page\/pt\/wp-json\/wp\/v2\/product\/3695471\/revisions"}],"wp:featuredmedia":[{"embeddable":true,"href":"https:\/\/stoic-curie.212-227-153-4.plesk.page\/pt\/wp-json\/wp\/v2\/media\/5939340"}],"wp:attachment":[{"href":"https:\/\/stoic-curie.212-227-153-4.plesk.page\/pt\/wp-json\/wp\/v2\/media?parent=3695471"}],"wp:term":[{"taxonomy":"product_brand","embeddable":true,"href":"https:\/\/stoic-curie.212-227-153-4.plesk.page\/pt\/wp-json\/wp\/v2\/product_brand?post=3695471"},{"taxonomy":"product_cat","embeddable":true,"href":"https:\/\/stoic-curie.212-227-153-4.plesk.page\/pt\/wp-json\/wp\/v2\/product_cat?post=3695471"},{"taxonomy":"product_tag","embeddable":true,"href":"https:\/\/stoic-curie.212-227-153-4.plesk.page\/pt\/wp-json\/wp\/v2\/product_tag?post=3695471"}],"curies":[{"name":"wp","href":"https:\/\/api.w.org\/{rel}","templated":true}]}}