{"id":3695474,"date":"2025-10-13T14:05:01","date_gmt":"2025-10-13T18:05:01","guid":{"rendered":"https:\/\/stoic-curie.212-227-153-4.plesk.page\/product\/luz-de-navegacao-midi-trem-branca-bicolor\/"},"modified":"2026-02-25T00:27:51","modified_gmt":"2026-02-25T00:27:51","slug":"luz-de-navegacao-midi-trem-branca-bicolor","status":"publish","type":"product","link":"https:\/\/stoic-curie.212-227-153-4.plesk.page\/pt\/product\/luz-de-navegacao-midi-trem-branca-bicolor\/","title":{"rendered":"Luz de Navega\u00e7\u00e3o Midi Trem Branca-Bicolor"},"content":{"rendered":"<p>Luz de Navega\u00e7\u00e3o Midi Trem Branca-Bicolor &#8211; <\/p>\n<p>Luzes de navega\u00e7\u00e3o de m\u00e9dio porte em pl\u00e1stico branco. Dimens\u00f5es: 58 x H74 mm.<\/p>\n","protected":false},"excerpt":{"rendered":"<p>Luz de Navega\u00e7\u00e3o Midi Trem Branca-Bicolor &#8211; Luzes de navega\u00e7\u00e3o de m\u00e9dio porte em pl\u00e1stico branco. Dimens\u00f5es: 58 x H74<\/p>\n","protected":false},"featured_media":5939355,"comment_status":"closed","ping_status":"closed","template":"","meta":[],"product_brand":[3492],"product_cat":[2028],"product_tag":[],"class_list":{"0":"post-3695474","1":"product","2":"type-product","3":"status-publish","4":"has-post-thumbnail","6":"product_brand-trem-pt","7":"product_cat-luzes-de-navegacao","9":"first","10":"instock","11":"shipping-taxable","12":"purchasable","13":"product-type-simple"},"_links":{"self":[{"href":"https:\/\/stoic-curie.212-227-153-4.plesk.page\/pt\/wp-json\/wp\/v2\/product\/3695474","targetHints":{"allow":["GET"]}}],"collection":[{"href":"https:\/\/stoic-curie.212-227-153-4.plesk.page\/pt\/wp-json\/wp\/v2\/product"}],"about":[{"href":"https:\/\/stoic-curie.212-227-153-4.plesk.page\/pt\/wp-json\/wp\/v2\/types\/product"}],"replies":[{"embeddable":true,"href":"https:\/\/stoic-curie.212-227-153-4.plesk.page\/pt\/wp-json\/wp\/v2\/comments?post=3695474"}],"version-history":[{"count":0,"href":"https:\/\/stoic-curie.212-227-153-4.plesk.page\/pt\/wp-json\/wp\/v2\/product\/3695474\/revisions"}],"wp:featuredmedia":[{"embeddable":true,"href":"https:\/\/stoic-curie.212-227-153-4.plesk.page\/pt\/wp-json\/wp\/v2\/media\/5939355"}],"wp:attachment":[{"href":"https:\/\/stoic-curie.212-227-153-4.plesk.page\/pt\/wp-json\/wp\/v2\/media?parent=3695474"}],"wp:term":[{"taxonomy":"product_brand","embeddable":true,"href":"https:\/\/stoic-curie.212-227-153-4.plesk.page\/pt\/wp-json\/wp\/v2\/product_brand?post=3695474"},{"taxonomy":"product_cat","embeddable":true,"href":"https:\/\/stoic-curie.212-227-153-4.plesk.page\/pt\/wp-json\/wp\/v2\/product_cat?post=3695474"},{"taxonomy":"product_tag","embeddable":true,"href":"https:\/\/stoic-curie.212-227-153-4.plesk.page\/pt\/wp-json\/wp\/v2\/product_tag?post=3695474"}],"curies":[{"name":"wp","href":"https:\/\/api.w.org\/{rel}","templated":true}]}}