{"id":3695485,"date":"2025-10-13T14:05:04","date_gmt":"2025-10-13T18:05:04","guid":{"rendered":"https:\/\/stoic-curie.212-227-153-4.plesk.page\/product\/luz-de-topo-360o-para-barcos-ate-12-metros\/"},"modified":"2026-02-25T00:27:51","modified_gmt":"2026-02-25T00:27:51","slug":"luz-de-topo-360o-para-barcos-ate-12-metros","status":"publish","type":"product","link":"https:\/\/stoic-curie.212-227-153-4.plesk.page\/pt\/product\/luz-de-topo-360o-para-barcos-ate-12-metros\/","title":{"rendered":"Luz de Topo 360\u00ba para Barcos at\u00e9 12 metros"},"content":{"rendered":"<p>Luz de Topo 360\u00ba para Barcos at\u00e9 12 metros &#8211; <\/p>\n<p>Lanterna de mastro certificada CE para barcos de at\u00e9 12 metros. Dimens\u00f5es: \u00d854 x H70 mm.<\/p>\n","protected":false},"excerpt":{"rendered":"<p>Luz de Topo 360\u00ba para Barcos at\u00e9 12 metros &#8211; Lanterna de mastro certificada CE para barcos de at\u00e9 12<\/p>\n","protected":false},"featured_media":5939372,"comment_status":"closed","ping_status":"closed","template":"","meta":[],"product_brand":[3492],"product_cat":[2028],"product_tag":[],"class_list":{"0":"post-3695485","1":"product","2":"type-product","3":"status-publish","4":"has-post-thumbnail","6":"product_brand-trem-pt","7":"product_cat-luzes-de-navegacao","9":"first","10":"instock","11":"shipping-taxable","12":"purchasable","13":"product-type-simple"},"_links":{"self":[{"href":"https:\/\/stoic-curie.212-227-153-4.plesk.page\/pt\/wp-json\/wp\/v2\/product\/3695485","targetHints":{"allow":["GET"]}}],"collection":[{"href":"https:\/\/stoic-curie.212-227-153-4.plesk.page\/pt\/wp-json\/wp\/v2\/product"}],"about":[{"href":"https:\/\/stoic-curie.212-227-153-4.plesk.page\/pt\/wp-json\/wp\/v2\/types\/product"}],"replies":[{"embeddable":true,"href":"https:\/\/stoic-curie.212-227-153-4.plesk.page\/pt\/wp-json\/wp\/v2\/comments?post=3695485"}],"version-history":[{"count":0,"href":"https:\/\/stoic-curie.212-227-153-4.plesk.page\/pt\/wp-json\/wp\/v2\/product\/3695485\/revisions"}],"wp:featuredmedia":[{"embeddable":true,"href":"https:\/\/stoic-curie.212-227-153-4.plesk.page\/pt\/wp-json\/wp\/v2\/media\/5939372"}],"wp:attachment":[{"href":"https:\/\/stoic-curie.212-227-153-4.plesk.page\/pt\/wp-json\/wp\/v2\/media?parent=3695485"}],"wp:term":[{"taxonomy":"product_brand","embeddable":true,"href":"https:\/\/stoic-curie.212-227-153-4.plesk.page\/pt\/wp-json\/wp\/v2\/product_brand?post=3695485"},{"taxonomy":"product_cat","embeddable":true,"href":"https:\/\/stoic-curie.212-227-153-4.plesk.page\/pt\/wp-json\/wp\/v2\/product_cat?post=3695485"},{"taxonomy":"product_tag","embeddable":true,"href":"https:\/\/stoic-curie.212-227-153-4.plesk.page\/pt\/wp-json\/wp\/v2\/product_tag?post=3695485"}],"curies":[{"name":"wp","href":"https:\/\/api.w.org\/{rel}","templated":true}]}}