{"id":3695487,"date":"2025-10-13T14:05:05","date_gmt":"2025-10-13T18:05:05","guid":{"rendered":"https:\/\/stoic-curie.212-227-153-4.plesk.page\/product\/luz-de-topo-led-para-barcos-ate-12-metros-12-24v\/"},"modified":"2026-02-25T00:27:51","modified_gmt":"2026-02-25T00:27:51","slug":"luz-de-topo-led-para-barcos-ate-12-metros-12-24v","status":"publish","type":"product","link":"https:\/\/stoic-curie.212-227-153-4.plesk.page\/pt\/product\/luz-de-topo-led-para-barcos-ate-12-metros-12-24v\/","title":{"rendered":"Luz de Topo LED para Barcos at\u00e9 12 metros 12-24V"},"content":{"rendered":"<p>Luz de Topo LED para Barcos at\u00e9 12 metros 12-24V &#8211; <\/p>\n<p>Lanterna de \u00e2ncora LED de 1W, certificada CE para embarca\u00e7\u00f5es de at\u00e9 12 metros.<\/p>\n","protected":false},"excerpt":{"rendered":"<p>Luz de Topo LED para Barcos at\u00e9 12 metros 12-24V &#8211; Lanterna de \u00e2ncora LED de 1W, certificada CE para<\/p>\n","protected":false},"featured_media":5939374,"comment_status":"closed","ping_status":"closed","template":"","meta":[],"product_brand":[3222],"product_cat":[2023],"product_tag":[],"class_list":{"0":"post-3695487","1":"product","2":"type-product","3":"status-publish","4":"has-post-thumbnail","6":"product_brand-oceanled-pt","7":"product_cat-luzes-de-navegacao-led","9":"first","10":"instock","11":"shipping-taxable","12":"purchasable","13":"product-type-simple"},"_links":{"self":[{"href":"https:\/\/stoic-curie.212-227-153-4.plesk.page\/pt\/wp-json\/wp\/v2\/product\/3695487","targetHints":{"allow":["GET"]}}],"collection":[{"href":"https:\/\/stoic-curie.212-227-153-4.plesk.page\/pt\/wp-json\/wp\/v2\/product"}],"about":[{"href":"https:\/\/stoic-curie.212-227-153-4.plesk.page\/pt\/wp-json\/wp\/v2\/types\/product"}],"replies":[{"embeddable":true,"href":"https:\/\/stoic-curie.212-227-153-4.plesk.page\/pt\/wp-json\/wp\/v2\/comments?post=3695487"}],"version-history":[{"count":0,"href":"https:\/\/stoic-curie.212-227-153-4.plesk.page\/pt\/wp-json\/wp\/v2\/product\/3695487\/revisions"}],"wp:featuredmedia":[{"embeddable":true,"href":"https:\/\/stoic-curie.212-227-153-4.plesk.page\/pt\/wp-json\/wp\/v2\/media\/5939374"}],"wp:attachment":[{"href":"https:\/\/stoic-curie.212-227-153-4.plesk.page\/pt\/wp-json\/wp\/v2\/media?parent=3695487"}],"wp:term":[{"taxonomy":"product_brand","embeddable":true,"href":"https:\/\/stoic-curie.212-227-153-4.plesk.page\/pt\/wp-json\/wp\/v2\/product_brand?post=3695487"},{"taxonomy":"product_cat","embeddable":true,"href":"https:\/\/stoic-curie.212-227-153-4.plesk.page\/pt\/wp-json\/wp\/v2\/product_cat?post=3695487"},{"taxonomy":"product_tag","embeddable":true,"href":"https:\/\/stoic-curie.212-227-153-4.plesk.page\/pt\/wp-json\/wp\/v2\/product_tag?post=3695487"}],"curies":[{"name":"wp","href":"https:\/\/api.w.org\/{rel}","templated":true}]}}