{"id":3695494,"date":"2025-10-13T14:05:07","date_gmt":"2025-10-13T18:05:07","guid":{"rendered":"https:\/\/stoic-curie.212-227-153-4.plesk.page\/product\/farol-de-busca-em-aco-inoxidavel-12v-110mm\/"},"modified":"2026-02-25T00:27:51","modified_gmt":"2026-02-25T00:27:51","slug":"farol-de-busca-em-aco-inoxidavel-12v-110mm","status":"publish","type":"product","link":"https:\/\/stoic-curie.212-227-153-4.plesk.page\/pt\/product\/farol-de-busca-em-aco-inoxidavel-12v-110mm\/","title":{"rendered":"Farol de Busca em A\u00e7o Inoxid\u00e1vel 12V 110mm"},"content":{"rendered":"<p>Farol de Busca em A\u00e7o Inoxid\u00e1vel 12V 110mm &#8211; <\/p>\n<p>Lanterna de montagem fixa em a\u00e7o inoxid\u00e1vel.<br \/>L\u00e2mpada \u00d8 110 mm.<\/p>\n","protected":false},"excerpt":{"rendered":"<p>Farol de Busca em A\u00e7o Inoxid\u00e1vel 12V 110mm &#8211; Lanterna de montagem fixa em a\u00e7o inoxid\u00e1vel.L\u00e2mpada \u00d8 110 mm.<\/p>\n","protected":false},"featured_media":5939380,"comment_status":"closed","ping_status":"closed","template":"","meta":[],"product_brand":[3237],"product_cat":[2021],"product_tag":[],"class_list":{"0":"post-3695494","1":"product","2":"type-product","3":"status-publish","4":"has-post-thumbnail","6":"product_brand-osculati-pt","7":"product_cat-projetores-e-holofotes","9":"first","10":"instock","11":"shipping-taxable","12":"purchasable","13":"product-type-simple"},"_links":{"self":[{"href":"https:\/\/stoic-curie.212-227-153-4.plesk.page\/pt\/wp-json\/wp\/v2\/product\/3695494","targetHints":{"allow":["GET"]}}],"collection":[{"href":"https:\/\/stoic-curie.212-227-153-4.plesk.page\/pt\/wp-json\/wp\/v2\/product"}],"about":[{"href":"https:\/\/stoic-curie.212-227-153-4.plesk.page\/pt\/wp-json\/wp\/v2\/types\/product"}],"replies":[{"embeddable":true,"href":"https:\/\/stoic-curie.212-227-153-4.plesk.page\/pt\/wp-json\/wp\/v2\/comments?post=3695494"}],"version-history":[{"count":0,"href":"https:\/\/stoic-curie.212-227-153-4.plesk.page\/pt\/wp-json\/wp\/v2\/product\/3695494\/revisions"}],"wp:featuredmedia":[{"embeddable":true,"href":"https:\/\/stoic-curie.212-227-153-4.plesk.page\/pt\/wp-json\/wp\/v2\/media\/5939380"}],"wp:attachment":[{"href":"https:\/\/stoic-curie.212-227-153-4.plesk.page\/pt\/wp-json\/wp\/v2\/media?parent=3695494"}],"wp:term":[{"taxonomy":"product_brand","embeddable":true,"href":"https:\/\/stoic-curie.212-227-153-4.plesk.page\/pt\/wp-json\/wp\/v2\/product_brand?post=3695494"},{"taxonomy":"product_cat","embeddable":true,"href":"https:\/\/stoic-curie.212-227-153-4.plesk.page\/pt\/wp-json\/wp\/v2\/product_cat?post=3695494"},{"taxonomy":"product_tag","embeddable":true,"href":"https:\/\/stoic-curie.212-227-153-4.plesk.page\/pt\/wp-json\/wp\/v2\/product_tag?post=3695494"}],"curies":[{"name":"wp","href":"https:\/\/api.w.org\/{rel}","templated":true}]}}