{"id":3695498,"date":"2025-10-13T14:05:08","date_gmt":"2025-10-13T18:05:08","guid":{"rendered":"https:\/\/stoic-curie.212-227-153-4.plesk.page\/product\/farol-branco-para-mastro-110mm-12v\/"},"modified":"2026-02-25T00:27:51","modified_gmt":"2026-02-25T00:27:51","slug":"farol-branco-para-mastro-110mm-12v","status":"publish","type":"product","link":"https:\/\/stoic-curie.212-227-153-4.plesk.page\/pt\/product\/farol-branco-para-mastro-110mm-12v\/","title":{"rendered":"Farol Branco para Mastro 110mm 12V"},"content":{"rendered":"<p>Farol Branco para Mastro 110mm 12V &#8211; <\/p>\n<p>Lanterna de conv\u00e9s hal\u00f3gena \u00e0 prova d&#8217;\u00e1gua. Corpo de PVC macio com suporte de mastro em a\u00e7o inoxid\u00e1vel. L\u00e2mpada estanque \u00c3\u00b8 110 mm. 12V\/35W.<\/p>\n","protected":false},"excerpt":{"rendered":"<p>Farol Branco para Mastro 110mm 12V &#8211; Lanterna de conv\u00e9s hal\u00f3gena \u00e0 prova d&#8217;\u00e1gua. Corpo de PVC macio com suporte<\/p>\n","protected":false},"featured_media":5939383,"comment_status":"closed","ping_status":"closed","template":"","meta":[],"product_brand":[3237],"product_cat":[2021],"product_tag":[],"class_list":{"0":"post-3695498","1":"product","2":"type-product","3":"status-publish","4":"has-post-thumbnail","6":"product_brand-osculati-pt","7":"product_cat-projetores-e-holofotes","9":"first","10":"instock","11":"shipping-taxable","12":"purchasable","13":"product-type-simple"},"_links":{"self":[{"href":"https:\/\/stoic-curie.212-227-153-4.plesk.page\/pt\/wp-json\/wp\/v2\/product\/3695498","targetHints":{"allow":["GET"]}}],"collection":[{"href":"https:\/\/stoic-curie.212-227-153-4.plesk.page\/pt\/wp-json\/wp\/v2\/product"}],"about":[{"href":"https:\/\/stoic-curie.212-227-153-4.plesk.page\/pt\/wp-json\/wp\/v2\/types\/product"}],"replies":[{"embeddable":true,"href":"https:\/\/stoic-curie.212-227-153-4.plesk.page\/pt\/wp-json\/wp\/v2\/comments?post=3695498"}],"version-history":[{"count":0,"href":"https:\/\/stoic-curie.212-227-153-4.plesk.page\/pt\/wp-json\/wp\/v2\/product\/3695498\/revisions"}],"wp:featuredmedia":[{"embeddable":true,"href":"https:\/\/stoic-curie.212-227-153-4.plesk.page\/pt\/wp-json\/wp\/v2\/media\/5939383"}],"wp:attachment":[{"href":"https:\/\/stoic-curie.212-227-153-4.plesk.page\/pt\/wp-json\/wp\/v2\/media?parent=3695498"}],"wp:term":[{"taxonomy":"product_brand","embeddable":true,"href":"https:\/\/stoic-curie.212-227-153-4.plesk.page\/pt\/wp-json\/wp\/v2\/product_brand?post=3695498"},{"taxonomy":"product_cat","embeddable":true,"href":"https:\/\/stoic-curie.212-227-153-4.plesk.page\/pt\/wp-json\/wp\/v2\/product_cat?post=3695498"},{"taxonomy":"product_tag","embeddable":true,"href":"https:\/\/stoic-curie.212-227-153-4.plesk.page\/pt\/wp-json\/wp\/v2\/product_tag?post=3695498"}],"curies":[{"name":"wp","href":"https:\/\/api.w.org\/{rel}","templated":true}]}}