{"id":3695501,"date":"2025-10-13T14:05:09","date_gmt":"2025-10-13T18:05:09","guid":{"rendered":"https:\/\/stoic-curie.212-227-153-4.plesk.page\/product\/luz-de-leitura-cromada-420mm-branca\/"},"modified":"2026-02-25T00:27:51","modified_gmt":"2026-02-25T00:27:51","slug":"luz-de-leitura-cromada-420mm-branca","status":"publish","type":"product","link":"https:\/\/stoic-curie.212-227-153-4.plesk.page\/pt\/product\/luz-de-leitura-cromada-420mm-branca\/","title":{"rendered":"Luz de Leitura Cromada 420mm Branca"},"content":{"rendered":"<p>Luz de Leitura Cromada 420mm Branca &#8211; <\/p>\n<p>L\u00e2mpada de gr\u00e1fico de bronze cromado com pesco\u00e7o flex\u00edvel de 8 LEDs. Base e caixa de pol\u00edmero preto. Consumo de 0,56 W. Luz branca fria de 6000 K\u00c2\u00b0.<\/p>\n","protected":false},"excerpt":{"rendered":"<p>Luz de Leitura Cromada 420mm Branca &#8211; L\u00e2mpada de gr\u00e1fico de bronze cromado com pesco\u00e7o flex\u00edvel de 8 LEDs. Base<\/p>\n","protected":false},"featured_media":5939394,"comment_status":"closed","ping_status":"closed","template":"","meta":[],"product_brand":[3222],"product_cat":[2026,2061],"product_tag":[],"class_list":{"0":"post-3695501","1":"product","2":"type-product","3":"status-publish","4":"has-post-thumbnail","6":"product_brand-oceanled-pt","7":"product_cat-iluminacao","8":"product_cat-instrumentos-de-navegacao","10":"first","11":"instock","12":"shipping-taxable","13":"purchasable","14":"product-type-simple"},"_links":{"self":[{"href":"https:\/\/stoic-curie.212-227-153-4.plesk.page\/pt\/wp-json\/wp\/v2\/product\/3695501","targetHints":{"allow":["GET"]}}],"collection":[{"href":"https:\/\/stoic-curie.212-227-153-4.plesk.page\/pt\/wp-json\/wp\/v2\/product"}],"about":[{"href":"https:\/\/stoic-curie.212-227-153-4.plesk.page\/pt\/wp-json\/wp\/v2\/types\/product"}],"replies":[{"embeddable":true,"href":"https:\/\/stoic-curie.212-227-153-4.plesk.page\/pt\/wp-json\/wp\/v2\/comments?post=3695501"}],"version-history":[{"count":0,"href":"https:\/\/stoic-curie.212-227-153-4.plesk.page\/pt\/wp-json\/wp\/v2\/product\/3695501\/revisions"}],"wp:featuredmedia":[{"embeddable":true,"href":"https:\/\/stoic-curie.212-227-153-4.plesk.page\/pt\/wp-json\/wp\/v2\/media\/5939394"}],"wp:attachment":[{"href":"https:\/\/stoic-curie.212-227-153-4.plesk.page\/pt\/wp-json\/wp\/v2\/media?parent=3695501"}],"wp:term":[{"taxonomy":"product_brand","embeddable":true,"href":"https:\/\/stoic-curie.212-227-153-4.plesk.page\/pt\/wp-json\/wp\/v2\/product_brand?post=3695501"},{"taxonomy":"product_cat","embeddable":true,"href":"https:\/\/stoic-curie.212-227-153-4.plesk.page\/pt\/wp-json\/wp\/v2\/product_cat?post=3695501"},{"taxonomy":"product_tag","embeddable":true,"href":"https:\/\/stoic-curie.212-227-153-4.plesk.page\/pt\/wp-json\/wp\/v2\/product_tag?post=3695501"}],"curies":[{"name":"wp","href":"https:\/\/api.w.org\/{rel}","templated":true}]}}