{"id":3695511,"date":"2025-10-13T14:05:12","date_gmt":"2025-10-13T18:05:12","guid":{"rendered":"https:\/\/stoic-curie.212-227-153-4.plesk.page\/product\/lampadas-de-teto-led-em-latao-polido-12v-168mm-com-interruptor\/"},"modified":"2026-02-25T00:27:51","modified_gmt":"2026-02-25T00:27:51","slug":"lampadas-de-teto-led-em-latao-polido-12v-168mm-com-interruptor","status":"publish","type":"product","link":"https:\/\/stoic-curie.212-227-153-4.plesk.page\/pt\/product\/lampadas-de-teto-led-em-latao-polido-12v-168mm-com-interruptor\/","title":{"rendered":"L\u00e2mpadas de Teto LED em Lat\u00e3o Polido 12V 168mm com Interruptor"},"content":{"rendered":"<p>L\u00e2mpadas de Teto LED em Lat\u00e3o Polido 12V 168mm com Interruptor &#8211; <\/p>\n<p>Corpo de lat\u00e3o polido com luzes de c\u00fapula cl\u00e1ssicas LED de 12V e interruptor.<\/p>\n","protected":false},"excerpt":{"rendered":"<p>L\u00e2mpadas de Teto LED em Lat\u00e3o Polido 12V 168mm com Interruptor &#8211; Corpo de lat\u00e3o polido com luzes de c\u00fapula<\/p>\n","protected":false},"featured_media":5939401,"comment_status":"closed","ping_status":"closed","template":"","meta":[],"product_brand":[3222],"product_cat":[2026],"product_tag":[],"class_list":{"0":"post-3695511","1":"product","2":"type-product","3":"status-publish","4":"has-post-thumbnail","6":"product_brand-oceanled-pt","7":"product_cat-iluminacao","9":"first","10":"instock","11":"shipping-taxable","12":"purchasable","13":"product-type-simple"},"_links":{"self":[{"href":"https:\/\/stoic-curie.212-227-153-4.plesk.page\/pt\/wp-json\/wp\/v2\/product\/3695511","targetHints":{"allow":["GET"]}}],"collection":[{"href":"https:\/\/stoic-curie.212-227-153-4.plesk.page\/pt\/wp-json\/wp\/v2\/product"}],"about":[{"href":"https:\/\/stoic-curie.212-227-153-4.plesk.page\/pt\/wp-json\/wp\/v2\/types\/product"}],"replies":[{"embeddable":true,"href":"https:\/\/stoic-curie.212-227-153-4.plesk.page\/pt\/wp-json\/wp\/v2\/comments?post=3695511"}],"version-history":[{"count":0,"href":"https:\/\/stoic-curie.212-227-153-4.plesk.page\/pt\/wp-json\/wp\/v2\/product\/3695511\/revisions"}],"wp:featuredmedia":[{"embeddable":true,"href":"https:\/\/stoic-curie.212-227-153-4.plesk.page\/pt\/wp-json\/wp\/v2\/media\/5939401"}],"wp:attachment":[{"href":"https:\/\/stoic-curie.212-227-153-4.plesk.page\/pt\/wp-json\/wp\/v2\/media?parent=3695511"}],"wp:term":[{"taxonomy":"product_brand","embeddable":true,"href":"https:\/\/stoic-curie.212-227-153-4.plesk.page\/pt\/wp-json\/wp\/v2\/product_brand?post=3695511"},{"taxonomy":"product_cat","embeddable":true,"href":"https:\/\/stoic-curie.212-227-153-4.plesk.page\/pt\/wp-json\/wp\/v2\/product_cat?post=3695511"},{"taxonomy":"product_tag","embeddable":true,"href":"https:\/\/stoic-curie.212-227-153-4.plesk.page\/pt\/wp-json\/wp\/v2\/product_tag?post=3695511"}],"curies":[{"name":"wp","href":"https:\/\/api.w.org\/{rel}","templated":true}]}}