{"id":3695513,"date":"2025-10-13T14:05:13","date_gmt":"2025-10-13T18:05:13","guid":{"rendered":"https:\/\/stoic-curie.212-227-153-4.plesk.page\/product\/luz-led-a-prova-de-agua-em-aco-inoxidavel-montagem-embutida-ip67-12v-d71mm\/"},"modified":"2026-02-25T00:27:51","modified_gmt":"2026-02-25T00:27:51","slug":"luz-led-a-prova-de-agua-em-aco-inoxidavel-montagem-embutida-ip67-12v-d71mm","status":"publish","type":"product","link":"https:\/\/stoic-curie.212-227-153-4.plesk.page\/pt\/product\/luz-led-a-prova-de-agua-em-aco-inoxidavel-montagem-embutida-ip67-12v-d71mm\/","title":{"rendered":"Luz LED \u00e0 Prova de \u00c1gua em A\u00e7o Inoxid\u00e1vel Montagem Embutida IP67 12V D71mm"},"content":{"rendered":"<p>Luz LED \u00e0 Prova de \u00c1gua em A\u00e7o Inoxid\u00e1vel Montagem Embutida IP67 12V D71mm &#8211; <\/p>\n<p>Lanterna LED embutida em a\u00e7o inoxid\u00e1vel, imperme\u00e1vel IP67. Consumo reduzido de 0,5 W. Luz branca diurna de 5500 K\u00c2\u00b0.<\/p>\n","protected":false},"excerpt":{"rendered":"<p>Luz LED \u00e0 Prova de \u00c1gua em A\u00e7o Inoxid\u00e1vel Montagem Embutida IP67 12V D71mm &#8211; Lanterna LED embutida em a\u00e7o<\/p>\n","protected":false},"featured_media":5939407,"comment_status":"closed","ping_status":"closed","template":"","meta":[],"product_brand":[3222],"product_cat":[2026,2017],"product_tag":[],"class_list":{"0":"post-3695513","1":"product","2":"type-product","3":"status-publish","4":"has-post-thumbnail","6":"product_brand-oceanled-pt","7":"product_cat-iluminacao","8":"product_cat-luzes-de-cortesia","10":"first","11":"instock","12":"shipping-taxable","13":"purchasable","14":"product-type-simple"},"_links":{"self":[{"href":"https:\/\/stoic-curie.212-227-153-4.plesk.page\/pt\/wp-json\/wp\/v2\/product\/3695513","targetHints":{"allow":["GET"]}}],"collection":[{"href":"https:\/\/stoic-curie.212-227-153-4.plesk.page\/pt\/wp-json\/wp\/v2\/product"}],"about":[{"href":"https:\/\/stoic-curie.212-227-153-4.plesk.page\/pt\/wp-json\/wp\/v2\/types\/product"}],"replies":[{"embeddable":true,"href":"https:\/\/stoic-curie.212-227-153-4.plesk.page\/pt\/wp-json\/wp\/v2\/comments?post=3695513"}],"version-history":[{"count":0,"href":"https:\/\/stoic-curie.212-227-153-4.plesk.page\/pt\/wp-json\/wp\/v2\/product\/3695513\/revisions"}],"wp:featuredmedia":[{"embeddable":true,"href":"https:\/\/stoic-curie.212-227-153-4.plesk.page\/pt\/wp-json\/wp\/v2\/media\/5939407"}],"wp:attachment":[{"href":"https:\/\/stoic-curie.212-227-153-4.plesk.page\/pt\/wp-json\/wp\/v2\/media?parent=3695513"}],"wp:term":[{"taxonomy":"product_brand","embeddable":true,"href":"https:\/\/stoic-curie.212-227-153-4.plesk.page\/pt\/wp-json\/wp\/v2\/product_brand?post=3695513"},{"taxonomy":"product_cat","embeddable":true,"href":"https:\/\/stoic-curie.212-227-153-4.plesk.page\/pt\/wp-json\/wp\/v2\/product_cat?post=3695513"},{"taxonomy":"product_tag","embeddable":true,"href":"https:\/\/stoic-curie.212-227-153-4.plesk.page\/pt\/wp-json\/wp\/v2\/product_tag?post=3695513"}],"curies":[{"name":"wp","href":"https:\/\/api.w.org\/{rel}","templated":true}]}}