{"id":3695522,"date":"2025-10-13T14:05:16","date_gmt":"2025-10-13T18:05:16","guid":{"rendered":"https:\/\/stoic-curie.212-227-153-4.plesk.page\/product\/barra-eletrica-isolada-com-6-conectores-de-20a\/"},"modified":"2026-02-25T00:27:51","modified_gmt":"2026-02-25T00:27:51","slug":"barra-eletrica-isolada-com-6-conectores-de-20a","status":"publish","type":"product","link":"https:\/\/stoic-curie.212-227-153-4.plesk.page\/pt\/product\/barra-eletrica-isolada-com-6-conectores-de-20a\/","title":{"rendered":"Barra El\u00e9trica Isolada com 6 Conectores de 20A"},"content":{"rendered":"<p>Barra El\u00e9trica Isolada com 6 Conectores de 20A &#8211; <\/p>\n<p>Isolador de ripa com terminais de a\u00e7o 201 revestidos de n\u00edquel.<br \/>Cada par de parafusos forma um circuito isolado.<\/p>\n","protected":false},"excerpt":{"rendered":"<p>Barra El\u00e9trica Isolada com 6 Conectores de 20A &#8211; Isolador de ripa com terminais de a\u00e7o 201 revestidos de n\u00edquel.Cada<\/p>\n","protected":false},"featured_media":5939427,"comment_status":"closed","ping_status":"closed","template":"","meta":[],"product_brand":[2832],"product_cat":[2027],"product_tag":[],"class_list":{"0":"post-3695522","1":"product","2":"type-product","3":"status-publish","4":"has-post-thumbnail","6":"product_brand-blue-sea-systems-pt","7":"product_cat-acessorios-eletricos","9":"first","10":"instock","11":"shipping-taxable","12":"purchasable","13":"product-type-simple"},"_links":{"self":[{"href":"https:\/\/stoic-curie.212-227-153-4.plesk.page\/pt\/wp-json\/wp\/v2\/product\/3695522","targetHints":{"allow":["GET"]}}],"collection":[{"href":"https:\/\/stoic-curie.212-227-153-4.plesk.page\/pt\/wp-json\/wp\/v2\/product"}],"about":[{"href":"https:\/\/stoic-curie.212-227-153-4.plesk.page\/pt\/wp-json\/wp\/v2\/types\/product"}],"replies":[{"embeddable":true,"href":"https:\/\/stoic-curie.212-227-153-4.plesk.page\/pt\/wp-json\/wp\/v2\/comments?post=3695522"}],"version-history":[{"count":0,"href":"https:\/\/stoic-curie.212-227-153-4.plesk.page\/pt\/wp-json\/wp\/v2\/product\/3695522\/revisions"}],"wp:featuredmedia":[{"embeddable":true,"href":"https:\/\/stoic-curie.212-227-153-4.plesk.page\/pt\/wp-json\/wp\/v2\/media\/5939427"}],"wp:attachment":[{"href":"https:\/\/stoic-curie.212-227-153-4.plesk.page\/pt\/wp-json\/wp\/v2\/media?parent=3695522"}],"wp:term":[{"taxonomy":"product_brand","embeddable":true,"href":"https:\/\/stoic-curie.212-227-153-4.plesk.page\/pt\/wp-json\/wp\/v2\/product_brand?post=3695522"},{"taxonomy":"product_cat","embeddable":true,"href":"https:\/\/stoic-curie.212-227-153-4.plesk.page\/pt\/wp-json\/wp\/v2\/product_cat?post=3695522"},{"taxonomy":"product_tag","embeddable":true,"href":"https:\/\/stoic-curie.212-227-153-4.plesk.page\/pt\/wp-json\/wp\/v2\/product_tag?post=3695522"}],"curies":[{"name":"wp","href":"https:\/\/api.w.org\/{rel}","templated":true}]}}