{"id":3695528,"date":"2025-10-13T14:05:17","date_gmt":"2025-10-13T18:05:17","guid":{"rendered":"https:\/\/stoic-curie.212-227-153-4.plesk.page\/product\/barra-de-ligacao-eletrica-com-parafusos-cromados-20-terminais-120-a\/"},"modified":"2026-02-25T00:27:51","modified_gmt":"2026-02-25T00:27:51","slug":"barra-de-ligacao-eletrica-com-parafusos-cromados-20-terminais-120-a","status":"publish","type":"product","link":"https:\/\/stoic-curie.212-227-153-4.plesk.page\/pt\/product\/barra-de-ligacao-eletrica-com-parafusos-cromados-20-terminais-120-a\/","title":{"rendered":"Barra de Liga\u00e7\u00e3o El\u00e9trica com Parafusos Cromados 20 Terminais 120 A"},"content":{"rendered":"<p>Barra de Liga\u00e7\u00e3o El\u00e9trica com Parafusos Cromados 20 Terminais 120 A &#8211; <\/p>\n<p>Barra de distribui\u00e7\u00e3o isolada com parafusos terminais de lat\u00e3o cromado. 4 hastes rosqueadas M6 e 24 parafusos M4.<\/p>\n","protected":false},"excerpt":{"rendered":"<p>Barra de Liga\u00e7\u00e3o El\u00e9trica com Parafusos Cromados 20 Terminais 120 A &#8211; Barra de distribui\u00e7\u00e3o isolada com parafusos terminais de<\/p>\n","protected":false},"featured_media":5939430,"comment_status":"closed","ping_status":"closed","template":"","meta":[],"product_brand":[2832],"product_cat":[2027],"product_tag":[],"class_list":{"0":"post-3695528","1":"product","2":"type-product","3":"status-publish","4":"has-post-thumbnail","6":"product_brand-blue-sea-systems-pt","7":"product_cat-acessorios-eletricos","9":"first","10":"instock","11":"shipping-taxable","12":"purchasable","13":"product-type-simple"},"_links":{"self":[{"href":"https:\/\/stoic-curie.212-227-153-4.plesk.page\/pt\/wp-json\/wp\/v2\/product\/3695528","targetHints":{"allow":["GET"]}}],"collection":[{"href":"https:\/\/stoic-curie.212-227-153-4.plesk.page\/pt\/wp-json\/wp\/v2\/product"}],"about":[{"href":"https:\/\/stoic-curie.212-227-153-4.plesk.page\/pt\/wp-json\/wp\/v2\/types\/product"}],"replies":[{"embeddable":true,"href":"https:\/\/stoic-curie.212-227-153-4.plesk.page\/pt\/wp-json\/wp\/v2\/comments?post=3695528"}],"version-history":[{"count":0,"href":"https:\/\/stoic-curie.212-227-153-4.plesk.page\/pt\/wp-json\/wp\/v2\/product\/3695528\/revisions"}],"wp:featuredmedia":[{"embeddable":true,"href":"https:\/\/stoic-curie.212-227-153-4.plesk.page\/pt\/wp-json\/wp\/v2\/media\/5939430"}],"wp:attachment":[{"href":"https:\/\/stoic-curie.212-227-153-4.plesk.page\/pt\/wp-json\/wp\/v2\/media?parent=3695528"}],"wp:term":[{"taxonomy":"product_brand","embeddable":true,"href":"https:\/\/stoic-curie.212-227-153-4.plesk.page\/pt\/wp-json\/wp\/v2\/product_brand?post=3695528"},{"taxonomy":"product_cat","embeddable":true,"href":"https:\/\/stoic-curie.212-227-153-4.plesk.page\/pt\/wp-json\/wp\/v2\/product_cat?post=3695528"},{"taxonomy":"product_tag","embeddable":true,"href":"https:\/\/stoic-curie.212-227-153-4.plesk.page\/pt\/wp-json\/wp\/v2\/product_tag?post=3695528"}],"curies":[{"name":"wp","href":"https:\/\/api.w.org\/{rel}","templated":true}]}}