{"id":3695543,"date":"2025-10-13T14:05:21","date_gmt":"2025-10-13T18:05:21","guid":{"rendered":"https:\/\/stoic-curie.212-227-153-4.plesk.page\/product\/lampadas-sobressalentes-para-farois-de-busca-12v-55w-140mm-spot\/"},"modified":"2026-02-25T00:27:51","modified_gmt":"2026-02-25T00:27:51","slug":"lampadas-sobressalentes-para-farois-de-busca-12v-55w-140mm-spot","status":"publish","type":"product","link":"https:\/\/stoic-curie.212-227-153-4.plesk.page\/pt\/product\/lampadas-sobressalentes-para-farois-de-busca-12v-55w-140mm-spot\/","title":{"rendered":"L\u00e2mpadas Sobressalentes para Far\u00f3is de Busca 12V 55W 140mm Spot"},"content":{"rendered":"<p>L\u00e2mpadas Sobressalentes para Far\u00f3is de Busca 12V 55W 140mm Spot &#8211; <\/p>\n<p>Foco hal\u00f3geno com revestimento em borracha, resistente a choques e \u00e0 prova d&#8217;\u00e1gua. Cabo extens\u00edvel com plugue de 12V inclu\u00eddo. Alcance de 350 m.<\/p>\n","protected":false},"excerpt":{"rendered":"<p>L\u00e2mpadas Sobressalentes para Far\u00f3is de Busca 12V 55W 140mm Spot &#8211; Foco hal\u00f3geno com revestimento em borracha, resistente a choques<\/p>\n","protected":false},"featured_media":5939446,"comment_status":"closed","ping_status":"closed","template":"","meta":[],"product_brand":[3237],"product_cat":[2021],"product_tag":[],"class_list":{"0":"post-3695543","1":"product","2":"type-product","3":"status-publish","4":"has-post-thumbnail","6":"product_brand-osculati-pt","7":"product_cat-projetores-e-holofotes","9":"first","10":"instock","11":"shipping-taxable","12":"purchasable","13":"product-type-simple"},"_links":{"self":[{"href":"https:\/\/stoic-curie.212-227-153-4.plesk.page\/pt\/wp-json\/wp\/v2\/product\/3695543","targetHints":{"allow":["GET"]}}],"collection":[{"href":"https:\/\/stoic-curie.212-227-153-4.plesk.page\/pt\/wp-json\/wp\/v2\/product"}],"about":[{"href":"https:\/\/stoic-curie.212-227-153-4.plesk.page\/pt\/wp-json\/wp\/v2\/types\/product"}],"replies":[{"embeddable":true,"href":"https:\/\/stoic-curie.212-227-153-4.plesk.page\/pt\/wp-json\/wp\/v2\/comments?post=3695543"}],"version-history":[{"count":0,"href":"https:\/\/stoic-curie.212-227-153-4.plesk.page\/pt\/wp-json\/wp\/v2\/product\/3695543\/revisions"}],"wp:featuredmedia":[{"embeddable":true,"href":"https:\/\/stoic-curie.212-227-153-4.plesk.page\/pt\/wp-json\/wp\/v2\/media\/5939446"}],"wp:attachment":[{"href":"https:\/\/stoic-curie.212-227-153-4.plesk.page\/pt\/wp-json\/wp\/v2\/media?parent=3695543"}],"wp:term":[{"taxonomy":"product_brand","embeddable":true,"href":"https:\/\/stoic-curie.212-227-153-4.plesk.page\/pt\/wp-json\/wp\/v2\/product_brand?post=3695543"},{"taxonomy":"product_cat","embeddable":true,"href":"https:\/\/stoic-curie.212-227-153-4.plesk.page\/pt\/wp-json\/wp\/v2\/product_cat?post=3695543"},{"taxonomy":"product_tag","embeddable":true,"href":"https:\/\/stoic-curie.212-227-153-4.plesk.page\/pt\/wp-json\/wp\/v2\/product_tag?post=3695543"}],"curies":[{"name":"wp","href":"https:\/\/api.w.org\/{rel}","templated":true}]}}