{"id":3695550,"date":"2025-10-13T14:05:24","date_gmt":"2025-10-13T18:05:24","guid":{"rendered":"https:\/\/stoic-curie.212-227-153-4.plesk.page\/product\/indicador-de-nivel-de-agua-0-190-ohm-uflex-ultra-black-52mm\/"},"modified":"2026-02-25T00:27:52","modified_gmt":"2026-02-25T00:27:52","slug":"indicador-de-nivel-de-agua-0-190-ohm-uflex-ultra-black-52mm","status":"publish","type":"product","link":"https:\/\/stoic-curie.212-227-153-4.plesk.page\/pt\/product\/indicador-de-nivel-de-agua-0-190-ohm-uflex-ultra-black-52mm\/","title":{"rendered":"Indicador de N\u00edvel de \u00c1gua 0-190 Ohm Uflex Ultra Black 52mm"},"content":{"rendered":"<p>Indicador de N\u00edvel de \u00c1gua 0-190 Ohm Uflex Ultra Black 52mm &#8211; <\/p>\n<p>Instrumentos Uflex IP67 \u00e0 prova d&#8217;\u00e1gua com lente refor\u00e7ada de dupla camada anti-condensa\u00e7\u00e3o. Moldura de pl\u00e1stico preta e mostrador preto. Tens\u00e3o universal de 12\/24V com retroilumina\u00e7\u00e3o personaliz\u00e1vel em vermelho ou amarelo. Instala\u00e7\u00e3o plug and play completa com conector Molex com fio. Todos os indicadores de press\u00e3o, temperatura, n\u00edvel e \u00e2ngulo devem ser complementados com sensores. O indicador de velocidade GPS \u00e9 fornecido com receptor e antena.<\/p>\n","protected":false},"excerpt":{"rendered":"<p>Indicador de N\u00edvel de \u00c1gua 0-190 Ohm Uflex Ultra Black 52mm &#8211; Instrumentos Uflex IP67 \u00e0 prova d&#8217;\u00e1gua com lente<\/p>\n","protected":false},"featured_media":5936067,"comment_status":"closed","ping_status":"closed","template":"","meta":[],"product_brand":[3502],"product_cat":[2094],"product_tag":[],"class_list":{"0":"post-3695550","1":"product","2":"type-product","3":"status-publish","4":"has-post-thumbnail","6":"product_brand-ultraflex-uflex-pt","7":"product_cat-manometros-uflex","9":"first","10":"instock","11":"shipping-taxable","12":"purchasable","13":"product-type-simple"},"_links":{"self":[{"href":"https:\/\/stoic-curie.212-227-153-4.plesk.page\/pt\/wp-json\/wp\/v2\/product\/3695550","targetHints":{"allow":["GET"]}}],"collection":[{"href":"https:\/\/stoic-curie.212-227-153-4.plesk.page\/pt\/wp-json\/wp\/v2\/product"}],"about":[{"href":"https:\/\/stoic-curie.212-227-153-4.plesk.page\/pt\/wp-json\/wp\/v2\/types\/product"}],"replies":[{"embeddable":true,"href":"https:\/\/stoic-curie.212-227-153-4.plesk.page\/pt\/wp-json\/wp\/v2\/comments?post=3695550"}],"version-history":[{"count":0,"href":"https:\/\/stoic-curie.212-227-153-4.plesk.page\/pt\/wp-json\/wp\/v2\/product\/3695550\/revisions"}],"wp:featuredmedia":[{"embeddable":true,"href":"https:\/\/stoic-curie.212-227-153-4.plesk.page\/pt\/wp-json\/wp\/v2\/media\/5936067"}],"wp:attachment":[{"href":"https:\/\/stoic-curie.212-227-153-4.plesk.page\/pt\/wp-json\/wp\/v2\/media?parent=3695550"}],"wp:term":[{"taxonomy":"product_brand","embeddable":true,"href":"https:\/\/stoic-curie.212-227-153-4.plesk.page\/pt\/wp-json\/wp\/v2\/product_brand?post=3695550"},{"taxonomy":"product_cat","embeddable":true,"href":"https:\/\/stoic-curie.212-227-153-4.plesk.page\/pt\/wp-json\/wp\/v2\/product_cat?post=3695550"},{"taxonomy":"product_tag","embeddable":true,"href":"https:\/\/stoic-curie.212-227-153-4.plesk.page\/pt\/wp-json\/wp\/v2\/product_tag?post=3695550"}],"curies":[{"name":"wp","href":"https:\/\/api.w.org\/{rel}","templated":true}]}}