{"id":3695554,"date":"2025-10-13T14:05:25","date_gmt":"2025-10-13T18:05:25","guid":{"rendered":"https:\/\/stoic-curie.212-227-153-4.plesk.page\/product\/uflex-ultra-branco-12-24v-indicador-de-nivel-de-agua-0-190-ohm-52mm\/"},"modified":"2026-02-25T00:27:52","modified_gmt":"2026-02-25T00:27:52","slug":"uflex-ultra-branco-12-24v-indicador-de-nivel-de-agua-0-190-ohm-52mm","status":"publish","type":"product","link":"https:\/\/stoic-curie.212-227-153-4.plesk.page\/pt\/product\/uflex-ultra-branco-12-24v-indicador-de-nivel-de-agua-0-190-ohm-52mm\/","title":{"rendered":"Uflex Ultra Branco 12\/24V Indicador de N\u00edvel de \u00c1gua 0-190 Ohm 52mm"},"content":{"rendered":"<p>Uflex Ultra Branco 12\/24V Indicador de N\u00edvel de \u00c1gua 0-190 Ohm 52mm &#8211; <\/p>\n<p>Instrumentos Uflex IP67 \u00e0 prova d&#8217;\u00e1gua com lente anti-condensa\u00e7\u00e3o refor\u00e7ada de dupla camada. Bisel preto de pl\u00e1stico e mostrador branco. Tens\u00e3o universal 12\/24V com retroilumina\u00e7\u00e3o personaliz\u00e1vel em vermelho ou amarelo. Instala\u00e7\u00e3o plug-and-play completa com conector Molex cabeado. Todos os indicadores de press\u00e3o, temperatura, n\u00edvel e \u00e2ngulo devem ser complementados com sensores. O indicador de velocidade GPS vem completo com receptor e antena.<\/p>\n","protected":false},"excerpt":{"rendered":"<p>Uflex Ultra Branco 12\/24V Indicador de N\u00edvel de \u00c1gua 0-190 Ohm 52mm &#8211; Instrumentos Uflex IP67 \u00e0 prova d&#8217;\u00e1gua com<\/p>\n","protected":false},"featured_media":5936072,"comment_status":"closed","ping_status":"closed","template":"","meta":[],"product_brand":[3502],"product_cat":[2094,1945],"product_tag":[],"class_list":{"0":"post-3695554","1":"product","2":"type-product","3":"status-publish","4":"has-post-thumbnail","6":"product_brand-ultraflex-uflex-pt","7":"product_cat-manometros-uflex","8":"product_cat-medidores-do-nivel-de-agua","10":"first","11":"instock","12":"shipping-taxable","13":"purchasable","14":"product-type-simple"},"_links":{"self":[{"href":"https:\/\/stoic-curie.212-227-153-4.plesk.page\/pt\/wp-json\/wp\/v2\/product\/3695554","targetHints":{"allow":["GET"]}}],"collection":[{"href":"https:\/\/stoic-curie.212-227-153-4.plesk.page\/pt\/wp-json\/wp\/v2\/product"}],"about":[{"href":"https:\/\/stoic-curie.212-227-153-4.plesk.page\/pt\/wp-json\/wp\/v2\/types\/product"}],"replies":[{"embeddable":true,"href":"https:\/\/stoic-curie.212-227-153-4.plesk.page\/pt\/wp-json\/wp\/v2\/comments?post=3695554"}],"version-history":[{"count":0,"href":"https:\/\/stoic-curie.212-227-153-4.plesk.page\/pt\/wp-json\/wp\/v2\/product\/3695554\/revisions"}],"wp:featuredmedia":[{"embeddable":true,"href":"https:\/\/stoic-curie.212-227-153-4.plesk.page\/pt\/wp-json\/wp\/v2\/media\/5936072"}],"wp:attachment":[{"href":"https:\/\/stoic-curie.212-227-153-4.plesk.page\/pt\/wp-json\/wp\/v2\/media?parent=3695554"}],"wp:term":[{"taxonomy":"product_brand","embeddable":true,"href":"https:\/\/stoic-curie.212-227-153-4.plesk.page\/pt\/wp-json\/wp\/v2\/product_brand?post=3695554"},{"taxonomy":"product_cat","embeddable":true,"href":"https:\/\/stoic-curie.212-227-153-4.plesk.page\/pt\/wp-json\/wp\/v2\/product_cat?post=3695554"},{"taxonomy":"product_tag","embeddable":true,"href":"https:\/\/stoic-curie.212-227-153-4.plesk.page\/pt\/wp-json\/wp\/v2\/product_tag?post=3695554"}],"curies":[{"name":"wp","href":"https:\/\/api.w.org\/{rel}","templated":true}]}}