{"id":3695555,"date":"2025-10-13T14:05:26","date_gmt":"2025-10-13T18:05:26","guid":{"rendered":"https:\/\/stoic-curie.212-227-153-4.plesk.page\/product\/manometro-de-pressao-de-oleo-uflex-ultra-white-0-10-bar-52mm\/"},"modified":"2026-02-25T00:27:52","modified_gmt":"2026-02-25T00:27:52","slug":"manometro-de-pressao-de-oleo-uflex-ultra-white-0-10-bar-52mm","status":"publish","type":"product","link":"https:\/\/stoic-curie.212-227-153-4.plesk.page\/pt\/product\/manometro-de-pressao-de-oleo-uflex-ultra-white-0-10-bar-52mm\/","title":{"rendered":"Man\u00f3metro de Press\u00e3o de \u00d3leo Uflex Ultra White 0-10 bar 52mm"},"content":{"rendered":"<p>Man\u00f3metro de Press\u00e3o de \u00d3leo Uflex Ultra White 0-10 bar 52mm &#8211; <\/p>\n<p>Instrumentos Uflex IP67 \u00e0 prova d&#8217;\u00e1gua com lente antiniebla refor\u00e7ada de dupla camada. Bezel de pl\u00e1stico preto e mostrador branco. Tens\u00e3o universal de 12\/24V com retroilumina\u00e7\u00e3o vermelha ou amarela personaliz\u00e1vel. Instala\u00e7\u00e3o plug and play completa com conector Molex cabeado. Todos os indicadores de press\u00e3o, temperatura, n\u00edvel e \u00e2ngulo devem ser equipados com sensores. O indicador de velocidade GPS \u00e9 completo com receptor e antena.<\/p>\n","protected":false},"excerpt":{"rendered":"<p>Man\u00f3metro de Press\u00e3o de \u00d3leo Uflex Ultra White 0-10 bar 52mm &#8211; Instrumentos Uflex IP67 \u00e0 prova d&#8217;\u00e1gua com lente<\/p>\n","protected":false},"featured_media":5936072,"comment_status":"closed","ping_status":"closed","template":"","meta":[],"product_brand":[3502],"product_cat":[2094],"product_tag":[],"class_list":{"0":"post-3695555","1":"product","2":"type-product","3":"status-publish","4":"has-post-thumbnail","6":"product_brand-ultraflex-uflex-pt","7":"product_cat-manometros-uflex","9":"first","10":"instock","11":"shipping-taxable","12":"purchasable","13":"product-type-simple"},"_links":{"self":[{"href":"https:\/\/stoic-curie.212-227-153-4.plesk.page\/pt\/wp-json\/wp\/v2\/product\/3695555","targetHints":{"allow":["GET"]}}],"collection":[{"href":"https:\/\/stoic-curie.212-227-153-4.plesk.page\/pt\/wp-json\/wp\/v2\/product"}],"about":[{"href":"https:\/\/stoic-curie.212-227-153-4.plesk.page\/pt\/wp-json\/wp\/v2\/types\/product"}],"replies":[{"embeddable":true,"href":"https:\/\/stoic-curie.212-227-153-4.plesk.page\/pt\/wp-json\/wp\/v2\/comments?post=3695555"}],"version-history":[{"count":0,"href":"https:\/\/stoic-curie.212-227-153-4.plesk.page\/pt\/wp-json\/wp\/v2\/product\/3695555\/revisions"}],"wp:featuredmedia":[{"embeddable":true,"href":"https:\/\/stoic-curie.212-227-153-4.plesk.page\/pt\/wp-json\/wp\/v2\/media\/5936072"}],"wp:attachment":[{"href":"https:\/\/stoic-curie.212-227-153-4.plesk.page\/pt\/wp-json\/wp\/v2\/media?parent=3695555"}],"wp:term":[{"taxonomy":"product_brand","embeddable":true,"href":"https:\/\/stoic-curie.212-227-153-4.plesk.page\/pt\/wp-json\/wp\/v2\/product_brand?post=3695555"},{"taxonomy":"product_cat","embeddable":true,"href":"https:\/\/stoic-curie.212-227-153-4.plesk.page\/pt\/wp-json\/wp\/v2\/product_cat?post=3695555"},{"taxonomy":"product_tag","embeddable":true,"href":"https:\/\/stoic-curie.212-227-153-4.plesk.page\/pt\/wp-json\/wp\/v2\/product_tag?post=3695555"}],"curies":[{"name":"wp","href":"https:\/\/api.w.org\/{rel}","templated":true}]}}