{"id":3695557,"date":"2025-10-13T14:05:26","date_gmt":"2025-10-13T18:05:26","guid":{"rendered":"https:\/\/stoic-curie.212-227-153-4.plesk.page\/product\/sensor-de-nivel-de-combustivel-uflex-200-600-mm\/"},"modified":"2026-02-25T00:27:52","modified_gmt":"2026-02-25T00:27:52","slug":"sensor-de-nivel-de-combustivel-uflex-200-600-mm","status":"publish","type":"product","link":"https:\/\/stoic-curie.212-227-153-4.plesk.page\/pt\/product\/sensor-de-nivel-de-combustivel-uflex-200-600-mm\/","title":{"rendered":"Sensor de N\u00edvel de Combust\u00edvel Uflex 200-600 mm"},"content":{"rendered":"<p>Sensor de N\u00edvel de Combust\u00edvel Uflex 200-600 mm &#8211; <\/p>\n<p>Unidade de envio do bra\u00e7o oscilante do man\u00edpulo de combust\u00edvel Uflex para tanques de 200 a 600 mm.<\/p>\n","protected":false},"excerpt":{"rendered":"<p>Sensor de N\u00edvel de Combust\u00edvel Uflex 200-600 mm &#8211; Unidade de envio do bra\u00e7o oscilante do man\u00edpulo de combust\u00edvel Uflex<\/p>\n","protected":false},"featured_media":5939518,"comment_status":"closed","ping_status":"closed","template":"","meta":[],"product_brand":[3502],"product_cat":[2069],"product_tag":[],"class_list":{"0":"post-3695557","1":"product","2":"type-product","3":"status-publish","4":"has-post-thumbnail","6":"product_brand-ultraflex-uflex-pt","7":"product_cat-indicadores-de-nivel-de-combustivel","9":"first","10":"instock","11":"shipping-taxable","12":"purchasable","13":"product-type-simple"},"_links":{"self":[{"href":"https:\/\/stoic-curie.212-227-153-4.plesk.page\/pt\/wp-json\/wp\/v2\/product\/3695557","targetHints":{"allow":["GET"]}}],"collection":[{"href":"https:\/\/stoic-curie.212-227-153-4.plesk.page\/pt\/wp-json\/wp\/v2\/product"}],"about":[{"href":"https:\/\/stoic-curie.212-227-153-4.plesk.page\/pt\/wp-json\/wp\/v2\/types\/product"}],"replies":[{"embeddable":true,"href":"https:\/\/stoic-curie.212-227-153-4.plesk.page\/pt\/wp-json\/wp\/v2\/comments?post=3695557"}],"version-history":[{"count":0,"href":"https:\/\/stoic-curie.212-227-153-4.plesk.page\/pt\/wp-json\/wp\/v2\/product\/3695557\/revisions"}],"wp:featuredmedia":[{"embeddable":true,"href":"https:\/\/stoic-curie.212-227-153-4.plesk.page\/pt\/wp-json\/wp\/v2\/media\/5939518"}],"wp:attachment":[{"href":"https:\/\/stoic-curie.212-227-153-4.plesk.page\/pt\/wp-json\/wp\/v2\/media?parent=3695557"}],"wp:term":[{"taxonomy":"product_brand","embeddable":true,"href":"https:\/\/stoic-curie.212-227-153-4.plesk.page\/pt\/wp-json\/wp\/v2\/product_brand?post=3695557"},{"taxonomy":"product_cat","embeddable":true,"href":"https:\/\/stoic-curie.212-227-153-4.plesk.page\/pt\/wp-json\/wp\/v2\/product_cat?post=3695557"},{"taxonomy":"product_tag","embeddable":true,"href":"https:\/\/stoic-curie.212-227-153-4.plesk.page\/pt\/wp-json\/wp\/v2\/product_tag?post=3695557"}],"curies":[{"name":"wp","href":"https:\/\/api.w.org\/{rel}","templated":true}]}}