{"id":3695562,"date":"2025-10-13T14:05:28","date_gmt":"2025-10-13T18:05:28","guid":{"rendered":"https:\/\/stoic-curie.212-227-153-4.plesk.page\/product\/indicador-de-vento-windex-bora-l360\/"},"modified":"2026-02-25T00:27:52","modified_gmt":"2026-02-25T00:27:52","slug":"indicador-de-vento-windex-bora-l360","status":"publish","type":"product","link":"https:\/\/stoic-curie.212-227-153-4.plesk.page\/pt\/product\/indicador-de-vento-windex-bora-l360\/","title":{"rendered":"Indicador de Vento Windex Bora L360"},"content":{"rendered":"<p>Indicador de Vento Windex Bora L360 &#8211; <\/p>\n<p>Indicador de dire\u00e7\u00e3o do vento com suspens\u00e3o de rolamentos de esferas. Suporte de a\u00e7o inoxid\u00e1vel e sensor pl\u00e1stico. As bandeiras de refer\u00eancia refletivas podem ser ajustadas ao \u00e2ngulo de chegada.<\/p>\n","protected":false},"excerpt":{"rendered":"<p>Indicador de Vento Windex Bora L360 &#8211; Indicador de dire\u00e7\u00e3o do vento com suspens\u00e3o de rolamentos de esferas. Suporte de<\/p>\n","protected":false},"featured_media":5939530,"comment_status":"closed","ping_status":"closed","template":"","meta":[],"product_brand":[3542],"product_cat":[2058,2063],"product_tag":[],"class_list":{"0":"post-3695562","1":"product","2":"type-product","3":"status-publish","4":"has-post-thumbnail","6":"product_brand-windex-pt","7":"product_cat-acessorios-para-veleiro","8":"product_cat-equipamento-de-sinalizacao","10":"first","11":"instock","12":"shipping-taxable","13":"purchasable","14":"product-type-simple"},"_links":{"self":[{"href":"https:\/\/stoic-curie.212-227-153-4.plesk.page\/pt\/wp-json\/wp\/v2\/product\/3695562","targetHints":{"allow":["GET"]}}],"collection":[{"href":"https:\/\/stoic-curie.212-227-153-4.plesk.page\/pt\/wp-json\/wp\/v2\/product"}],"about":[{"href":"https:\/\/stoic-curie.212-227-153-4.plesk.page\/pt\/wp-json\/wp\/v2\/types\/product"}],"replies":[{"embeddable":true,"href":"https:\/\/stoic-curie.212-227-153-4.plesk.page\/pt\/wp-json\/wp\/v2\/comments?post=3695562"}],"version-history":[{"count":0,"href":"https:\/\/stoic-curie.212-227-153-4.plesk.page\/pt\/wp-json\/wp\/v2\/product\/3695562\/revisions"}],"wp:featuredmedia":[{"embeddable":true,"href":"https:\/\/stoic-curie.212-227-153-4.plesk.page\/pt\/wp-json\/wp\/v2\/media\/5939530"}],"wp:attachment":[{"href":"https:\/\/stoic-curie.212-227-153-4.plesk.page\/pt\/wp-json\/wp\/v2\/media?parent=3695562"}],"wp:term":[{"taxonomy":"product_brand","embeddable":true,"href":"https:\/\/stoic-curie.212-227-153-4.plesk.page\/pt\/wp-json\/wp\/v2\/product_brand?post=3695562"},{"taxonomy":"product_cat","embeddable":true,"href":"https:\/\/stoic-curie.212-227-153-4.plesk.page\/pt\/wp-json\/wp\/v2\/product_cat?post=3695562"},{"taxonomy":"product_tag","embeddable":true,"href":"https:\/\/stoic-curie.212-227-153-4.plesk.page\/pt\/wp-json\/wp\/v2\/product_tag?post=3695562"}],"curies":[{"name":"wp","href":"https:\/\/api.w.org\/{rel}","templated":true}]}}