{"id":3695565,"date":"2025-10-13T14:05:29","date_gmt":"2025-10-13T18:05:29","guid":{"rendered":"https:\/\/stoic-curie.212-227-153-4.plesk.page\/product\/indicadores-de-vento-para-cabo-de-aco-e-estai-6mm\/"},"modified":"2026-02-25T00:27:52","modified_gmt":"2026-02-25T00:27:52","slug":"indicadores-de-vento-para-cabo-de-aco-e-estai-6mm","status":"publish","type":"product","link":"https:\/\/stoic-curie.212-227-153-4.plesk.page\/pt\/product\/indicadores-de-vento-para-cabo-de-aco-e-estai-6mm\/","title":{"rendered":"Indicadores de Vento para Cabo de A\u00e7o e Estai 6mm"},"content":{"rendered":"<p>Indicadores de Vento para Cabo de A\u00e7o e Estai 6mm &#8211; <\/p>\n<p>Indicadores de vento para stays. Nenhuma ferramenta \u00e9 necess\u00e1ria para a fixa\u00e7\u00e3o ao stay. Conex\u00e3o rotativa de 360\u00b0.<\/p>\n","protected":false},"excerpt":{"rendered":"<p>Indicadores de Vento para Cabo de A\u00e7o e Estai 6mm &#8211; Indicadores de vento para stays. Nenhuma ferramenta \u00e9 necess\u00e1ria<\/p>\n","protected":false},"featured_media":5939532,"comment_status":"closed","ping_status":"closed","template":"","meta":[],"product_brand":[3237],"product_cat":[2058,2063],"product_tag":[],"class_list":{"0":"post-3695565","1":"product","2":"type-product","3":"status-publish","4":"has-post-thumbnail","6":"product_brand-osculati-pt","7":"product_cat-acessorios-para-veleiro","8":"product_cat-equipamento-de-sinalizacao","10":"first","11":"instock","12":"shipping-taxable","13":"purchasable","14":"product-type-simple"},"_links":{"self":[{"href":"https:\/\/stoic-curie.212-227-153-4.plesk.page\/pt\/wp-json\/wp\/v2\/product\/3695565","targetHints":{"allow":["GET"]}}],"collection":[{"href":"https:\/\/stoic-curie.212-227-153-4.plesk.page\/pt\/wp-json\/wp\/v2\/product"}],"about":[{"href":"https:\/\/stoic-curie.212-227-153-4.plesk.page\/pt\/wp-json\/wp\/v2\/types\/product"}],"replies":[{"embeddable":true,"href":"https:\/\/stoic-curie.212-227-153-4.plesk.page\/pt\/wp-json\/wp\/v2\/comments?post=3695565"}],"version-history":[{"count":0,"href":"https:\/\/stoic-curie.212-227-153-4.plesk.page\/pt\/wp-json\/wp\/v2\/product\/3695565\/revisions"}],"wp:featuredmedia":[{"embeddable":true,"href":"https:\/\/stoic-curie.212-227-153-4.plesk.page\/pt\/wp-json\/wp\/v2\/media\/5939532"}],"wp:attachment":[{"href":"https:\/\/stoic-curie.212-227-153-4.plesk.page\/pt\/wp-json\/wp\/v2\/media?parent=3695565"}],"wp:term":[{"taxonomy":"product_brand","embeddable":true,"href":"https:\/\/stoic-curie.212-227-153-4.plesk.page\/pt\/wp-json\/wp\/v2\/product_brand?post=3695565"},{"taxonomy":"product_cat","embeddable":true,"href":"https:\/\/stoic-curie.212-227-153-4.plesk.page\/pt\/wp-json\/wp\/v2\/product_cat?post=3695565"},{"taxonomy":"product_tag","embeddable":true,"href":"https:\/\/stoic-curie.212-227-153-4.plesk.page\/pt\/wp-json\/wp\/v2\/product_tag?post=3695565"}],"curies":[{"name":"wp","href":"https:\/\/api.w.org\/{rel}","templated":true}]}}