{"id":3695566,"date":"2025-10-13T14:05:29","date_gmt":"2025-10-13T18:05:29","guid":{"rendered":"https:\/\/stoic-curie.212-227-153-4.plesk.page\/product\/indicadores-de-direcao-do-vento-para-barcos-a-vela\/"},"modified":"2026-02-25T00:27:52","modified_gmt":"2026-02-25T00:27:52","slug":"indicadores-de-direcao-do-vento-para-barcos-a-vela","status":"publish","type":"product","link":"https:\/\/stoic-curie.212-227-153-4.plesk.page\/pt\/product\/indicadores-de-direcao-do-vento-para-barcos-a-vela\/","title":{"rendered":"Indicadores de Dire\u00e7\u00e3o do Vento para Barcos \u00e0 Vela"},"content":{"rendered":"<p>Indicadores de Dire\u00e7\u00e3o do Vento para Barcos \u00e0 Vela &#8211; <\/p>\n<p>Indicadores de dire\u00e7\u00e3o do vento para veleiros. Com 5 discos adesivos vermelhos e 5 verdes.<\/p>\n","protected":false},"excerpt":{"rendered":"<p>Indicadores de Dire\u00e7\u00e3o do Vento para Barcos \u00e0 Vela &#8211; Indicadores de dire\u00e7\u00e3o do vento para veleiros. Com 5 discos<\/p>\n","protected":false},"featured_media":5939533,"comment_status":"closed","ping_status":"closed","template":"","meta":[],"product_brand":[3237],"product_cat":[2058,2063],"product_tag":[],"class_list":{"0":"post-3695566","1":"product","2":"type-product","3":"status-publish","4":"has-post-thumbnail","6":"product_brand-osculati-pt","7":"product_cat-acessorios-para-veleiro","8":"product_cat-equipamento-de-sinalizacao","10":"first","11":"instock","12":"shipping-taxable","13":"purchasable","14":"product-type-simple"},"_links":{"self":[{"href":"https:\/\/stoic-curie.212-227-153-4.plesk.page\/pt\/wp-json\/wp\/v2\/product\/3695566","targetHints":{"allow":["GET"]}}],"collection":[{"href":"https:\/\/stoic-curie.212-227-153-4.plesk.page\/pt\/wp-json\/wp\/v2\/product"}],"about":[{"href":"https:\/\/stoic-curie.212-227-153-4.plesk.page\/pt\/wp-json\/wp\/v2\/types\/product"}],"replies":[{"embeddable":true,"href":"https:\/\/stoic-curie.212-227-153-4.plesk.page\/pt\/wp-json\/wp\/v2\/comments?post=3695566"}],"version-history":[{"count":0,"href":"https:\/\/stoic-curie.212-227-153-4.plesk.page\/pt\/wp-json\/wp\/v2\/product\/3695566\/revisions"}],"wp:featuredmedia":[{"embeddable":true,"href":"https:\/\/stoic-curie.212-227-153-4.plesk.page\/pt\/wp-json\/wp\/v2\/media\/5939533"}],"wp:attachment":[{"href":"https:\/\/stoic-curie.212-227-153-4.plesk.page\/pt\/wp-json\/wp\/v2\/media?parent=3695566"}],"wp:term":[{"taxonomy":"product_brand","embeddable":true,"href":"https:\/\/stoic-curie.212-227-153-4.plesk.page\/pt\/wp-json\/wp\/v2\/product_brand?post=3695566"},{"taxonomy":"product_cat","embeddable":true,"href":"https:\/\/stoic-curie.212-227-153-4.plesk.page\/pt\/wp-json\/wp\/v2\/product_cat?post=3695566"},{"taxonomy":"product_tag","embeddable":true,"href":"https:\/\/stoic-curie.212-227-153-4.plesk.page\/pt\/wp-json\/wp\/v2\/product_tag?post=3695566"}],"curies":[{"name":"wp","href":"https:\/\/api.w.org\/{rel}","templated":true}]}}