{"id":3695586,"date":"2025-10-13T14:05:36","date_gmt":"2025-10-13T18:05:36","guid":{"rendered":"https:\/\/stoic-curie.212-227-153-4.plesk.page\/product\/chave-para-valvulas-de-barcos-inflaveis\/"},"modified":"2026-02-25T00:27:52","modified_gmt":"2026-02-25T00:27:52","slug":"chave-para-valvulas-de-barcos-inflaveis","status":"publish","type":"product","link":"https:\/\/stoic-curie.212-227-153-4.plesk.page\/pt\/product\/chave-para-valvulas-de-barcos-inflaveis\/","title":{"rendered":"Chave para V\u00e1lvulas de Barcos Infl\u00e1veis"},"content":{"rendered":"<p>Chave para V\u00e1lvulas de Barcos Infl\u00e1veis &#8211; <\/p>\n<p>V\u00e1lvula para inflar e desinflar barcos infl\u00e1veis. Orif\u00edcio de inser\u00e7\u00e3o com di\u00e2metro de 35 mm.<\/p>\n","protected":false},"excerpt":{"rendered":"<p>Chave para V\u00e1lvulas de Barcos Infl\u00e1veis &#8211; V\u00e1lvula para inflar e desinflar barcos infl\u00e1veis. Orif\u00edcio de inser\u00e7\u00e3o com di\u00e2metro de<\/p>\n","protected":false},"featured_media":5939583,"comment_status":"closed","ping_status":"closed","template":"","meta":[],"product_brand":[2852],"product_cat":[2126],"product_tag":[],"class_list":{"0":"post-3695586","1":"product","2":"type-product","3":"status-publish","4":"has-post-thumbnail","6":"product_brand-bravo-scoprega-pt","7":"product_cat-acessorios-para-embarcacoes-auxiliares","9":"first","10":"instock","11":"shipping-taxable","12":"purchasable","13":"product-type-simple"},"_links":{"self":[{"href":"https:\/\/stoic-curie.212-227-153-4.plesk.page\/pt\/wp-json\/wp\/v2\/product\/3695586","targetHints":{"allow":["GET"]}}],"collection":[{"href":"https:\/\/stoic-curie.212-227-153-4.plesk.page\/pt\/wp-json\/wp\/v2\/product"}],"about":[{"href":"https:\/\/stoic-curie.212-227-153-4.plesk.page\/pt\/wp-json\/wp\/v2\/types\/product"}],"replies":[{"embeddable":true,"href":"https:\/\/stoic-curie.212-227-153-4.plesk.page\/pt\/wp-json\/wp\/v2\/comments?post=3695586"}],"version-history":[{"count":0,"href":"https:\/\/stoic-curie.212-227-153-4.plesk.page\/pt\/wp-json\/wp\/v2\/product\/3695586\/revisions"}],"wp:featuredmedia":[{"embeddable":true,"href":"https:\/\/stoic-curie.212-227-153-4.plesk.page\/pt\/wp-json\/wp\/v2\/media\/5939583"}],"wp:attachment":[{"href":"https:\/\/stoic-curie.212-227-153-4.plesk.page\/pt\/wp-json\/wp\/v2\/media?parent=3695586"}],"wp:term":[{"taxonomy":"product_brand","embeddable":true,"href":"https:\/\/stoic-curie.212-227-153-4.plesk.page\/pt\/wp-json\/wp\/v2\/product_brand?post=3695586"},{"taxonomy":"product_cat","embeddable":true,"href":"https:\/\/stoic-curie.212-227-153-4.plesk.page\/pt\/wp-json\/wp\/v2\/product_cat?post=3695586"},{"taxonomy":"product_tag","embeddable":true,"href":"https:\/\/stoic-curie.212-227-153-4.plesk.page\/pt\/wp-json\/wp\/v2\/product_tag?post=3695586"}],"curies":[{"name":"wp","href":"https:\/\/api.w.org\/{rel}","templated":true}]}}