{"id":3695588,"date":"2025-10-13T14:05:36","date_gmt":"2025-10-13T18:05:36","guid":{"rendered":"https:\/\/stoic-curie.212-227-153-4.plesk.page\/product\/valvula-de-alivio-de-pressao\/"},"modified":"2026-02-25T00:27:52","modified_gmt":"2026-02-25T00:27:52","slug":"valvula-de-alivio-de-pressao","status":"publish","type":"product","link":"https:\/\/stoic-curie.212-227-153-4.plesk.page\/pt\/product\/valvula-de-alivio-de-pressao\/","title":{"rendered":"V\u00e1lvula de Al\u00edvio de Press\u00e3o"},"content":{"rendered":"<p>V\u00e1lvula de Al\u00edvio de Press\u00e3o &#8211; <\/p>\n<p>V\u00e1lvula de al\u00edvio de press\u00e3o a ser instalada entre o barco e a bomba. Assim que a press\u00e3o desejada for alcan\u00e7ada, a v\u00e1lvula libera o ar excessivo.<\/p>\n","protected":false},"excerpt":{"rendered":"<p>V\u00e1lvula de Al\u00edvio de Press\u00e3o &#8211; V\u00e1lvula de al\u00edvio de press\u00e3o a ser instalada entre o barco e a bomba.<\/p>\n","protected":false},"featured_media":5939585,"comment_status":"closed","ping_status":"closed","template":"","meta":[],"product_brand":[2852],"product_cat":[2126,2122],"product_tag":[],"class_list":{"0":"post-3695588","1":"product","2":"type-product","3":"status-publish","4":"has-post-thumbnail","6":"product_brand-bravo-scoprega-pt","7":"product_cat-acessorios-para-embarcacoes-auxiliares","8":"product_cat-bombas-de-ar-para-embarcacoes-auxiliares","10":"first","11":"instock","12":"shipping-taxable","13":"purchasable","14":"product-type-simple"},"_links":{"self":[{"href":"https:\/\/stoic-curie.212-227-153-4.plesk.page\/pt\/wp-json\/wp\/v2\/product\/3695588","targetHints":{"allow":["GET"]}}],"collection":[{"href":"https:\/\/stoic-curie.212-227-153-4.plesk.page\/pt\/wp-json\/wp\/v2\/product"}],"about":[{"href":"https:\/\/stoic-curie.212-227-153-4.plesk.page\/pt\/wp-json\/wp\/v2\/types\/product"}],"replies":[{"embeddable":true,"href":"https:\/\/stoic-curie.212-227-153-4.plesk.page\/pt\/wp-json\/wp\/v2\/comments?post=3695588"}],"version-history":[{"count":0,"href":"https:\/\/stoic-curie.212-227-153-4.plesk.page\/pt\/wp-json\/wp\/v2\/product\/3695588\/revisions"}],"wp:featuredmedia":[{"embeddable":true,"href":"https:\/\/stoic-curie.212-227-153-4.plesk.page\/pt\/wp-json\/wp\/v2\/media\/5939585"}],"wp:attachment":[{"href":"https:\/\/stoic-curie.212-227-153-4.plesk.page\/pt\/wp-json\/wp\/v2\/media?parent=3695588"}],"wp:term":[{"taxonomy":"product_brand","embeddable":true,"href":"https:\/\/stoic-curie.212-227-153-4.plesk.page\/pt\/wp-json\/wp\/v2\/product_brand?post=3695588"},{"taxonomy":"product_cat","embeddable":true,"href":"https:\/\/stoic-curie.212-227-153-4.plesk.page\/pt\/wp-json\/wp\/v2\/product_cat?post=3695588"},{"taxonomy":"product_tag","embeddable":true,"href":"https:\/\/stoic-curie.212-227-153-4.plesk.page\/pt\/wp-json\/wp\/v2\/product_tag?post=3695588"}],"curies":[{"name":"wp","href":"https:\/\/api.w.org\/{rel}","templated":true}]}}