{"id":3695595,"date":"2025-10-13T14:05:38","date_gmt":"2025-10-13T18:05:38","guid":{"rendered":"https:\/\/stoic-curie.212-227-153-4.plesk.page\/product\/suporte-para-luzes-de-boias-de-salvamento-tubo-22-25-mm\/"},"modified":"2026-02-25T00:27:52","modified_gmt":"2026-02-25T00:27:52","slug":"suporte-para-luzes-de-boias-de-salvamento-tubo-22-25-mm","status":"publish","type":"product","link":"https:\/\/stoic-curie.212-227-153-4.plesk.page\/pt\/product\/suporte-para-luzes-de-boias-de-salvamento-tubo-22-25-mm\/","title":{"rendered":"Suporte para Luzes de B\u00f3ias de Salvamento (Tubo 22-25 mm)"},"content":{"rendered":"<p>Suporte para Luzes de B\u00f3ias de Salvamento (Tubo 22-25 mm) &#8211; <\/p>\n<p>Clipes rotativos em a\u00e7o inoxid\u00e1vel para boias de luz. Suporte de montagem para parede e trilho com di\u00e2metro de 22,25 mm.<\/p>\n","protected":false},"excerpt":{"rendered":"<p>Suporte para Luzes de B\u00f3ias de Salvamento (Tubo 22-25 mm) &#8211; Clipes rotativos em a\u00e7o inoxid\u00e1vel para boias de luz.<\/p>\n","protected":false},"featured_media":5939601,"comment_status":"closed","ping_status":"closed","template":"","meta":[],"product_brand":[3517],"product_cat":[1891],"product_tag":[],"class_list":{"0":"post-3695595","1":"product","2":"type-product","3":"status-publish","4":"has-post-thumbnail","6":"product_brand-veleria-san-giorgio-pt","7":"product_cat-boias-e-retinidas-salva-vidas","9":"first","10":"instock","11":"shipping-taxable","12":"purchasable","13":"product-type-simple"},"_links":{"self":[{"href":"https:\/\/stoic-curie.212-227-153-4.plesk.page\/pt\/wp-json\/wp\/v2\/product\/3695595","targetHints":{"allow":["GET"]}}],"collection":[{"href":"https:\/\/stoic-curie.212-227-153-4.plesk.page\/pt\/wp-json\/wp\/v2\/product"}],"about":[{"href":"https:\/\/stoic-curie.212-227-153-4.plesk.page\/pt\/wp-json\/wp\/v2\/types\/product"}],"replies":[{"embeddable":true,"href":"https:\/\/stoic-curie.212-227-153-4.plesk.page\/pt\/wp-json\/wp\/v2\/comments?post=3695595"}],"version-history":[{"count":0,"href":"https:\/\/stoic-curie.212-227-153-4.plesk.page\/pt\/wp-json\/wp\/v2\/product\/3695595\/revisions"}],"wp:featuredmedia":[{"embeddable":true,"href":"https:\/\/stoic-curie.212-227-153-4.plesk.page\/pt\/wp-json\/wp\/v2\/media\/5939601"}],"wp:attachment":[{"href":"https:\/\/stoic-curie.212-227-153-4.plesk.page\/pt\/wp-json\/wp\/v2\/media?parent=3695595"}],"wp:term":[{"taxonomy":"product_brand","embeddable":true,"href":"https:\/\/stoic-curie.212-227-153-4.plesk.page\/pt\/wp-json\/wp\/v2\/product_brand?post=3695595"},{"taxonomy":"product_cat","embeddable":true,"href":"https:\/\/stoic-curie.212-227-153-4.plesk.page\/pt\/wp-json\/wp\/v2\/product_cat?post=3695595"},{"taxonomy":"product_tag","embeddable":true,"href":"https:\/\/stoic-curie.212-227-153-4.plesk.page\/pt\/wp-json\/wp\/v2\/product_tag?post=3695595"}],"curies":[{"name":"wp","href":"https:\/\/api.w.org\/{rel}","templated":true}]}}