{"id":3695598,"date":"2025-10-13T14:05:39","date_gmt":"2025-10-13T18:05:39","guid":{"rendered":"https:\/\/stoic-curie.212-227-153-4.plesk.page\/product\/linha-de-seguranca-aprovada-solas-flutuante-30-m\/"},"modified":"2026-02-25T00:27:52","modified_gmt":"2026-02-25T00:27:52","slug":"linha-de-seguranca-aprovada-solas-flutuante-30-m","status":"publish","type":"product","link":"https:\/\/stoic-curie.212-227-153-4.plesk.page\/pt\/product\/linha-de-seguranca-aprovada-solas-flutuante-30-m\/","title":{"rendered":"Linha de Seguran\u00e7a Aprovada Solas Flutuante 30 m"},"content":{"rendered":"<p>Linha de Seguran\u00e7a Aprovada Solas Flutuante 30 m &#8211; <\/p>\n<p>B\u00f3ias de resgate aprovadas para navega\u00e7\u00e3o costeira com linha de seguran\u00e7a flutuante. Di\u00e2metro de 8 mm x 30 m de comprimento &#8211; Carga de ruptura: 400 Kg. Bolsa imperme\u00e1vel lan\u00e7\u00e1vel com al\u00e7as.<\/p>\n","protected":false},"excerpt":{"rendered":"<p>Linha de Seguran\u00e7a Aprovada Solas Flutuante 30 m &#8211; B\u00f3ias de resgate aprovadas para navega\u00e7\u00e3o costeira com linha de seguran\u00e7a<\/p>\n","protected":false},"featured_media":5939606,"comment_status":"closed","ping_status":"closed","template":"","meta":[],"product_brand":[3517],"product_cat":[1891],"product_tag":[],"class_list":{"0":"post-3695598","1":"product","2":"type-product","3":"status-publish","4":"has-post-thumbnail","6":"product_brand-veleria-san-giorgio-pt","7":"product_cat-boias-e-retinidas-salva-vidas","9":"first","10":"instock","11":"shipping-taxable","12":"purchasable","13":"product-type-simple"},"_links":{"self":[{"href":"https:\/\/stoic-curie.212-227-153-4.plesk.page\/pt\/wp-json\/wp\/v2\/product\/3695598","targetHints":{"allow":["GET"]}}],"collection":[{"href":"https:\/\/stoic-curie.212-227-153-4.plesk.page\/pt\/wp-json\/wp\/v2\/product"}],"about":[{"href":"https:\/\/stoic-curie.212-227-153-4.plesk.page\/pt\/wp-json\/wp\/v2\/types\/product"}],"replies":[{"embeddable":true,"href":"https:\/\/stoic-curie.212-227-153-4.plesk.page\/pt\/wp-json\/wp\/v2\/comments?post=3695598"}],"version-history":[{"count":0,"href":"https:\/\/stoic-curie.212-227-153-4.plesk.page\/pt\/wp-json\/wp\/v2\/product\/3695598\/revisions"}],"wp:featuredmedia":[{"embeddable":true,"href":"https:\/\/stoic-curie.212-227-153-4.plesk.page\/pt\/wp-json\/wp\/v2\/media\/5939606"}],"wp:attachment":[{"href":"https:\/\/stoic-curie.212-227-153-4.plesk.page\/pt\/wp-json\/wp\/v2\/media?parent=3695598"}],"wp:term":[{"taxonomy":"product_brand","embeddable":true,"href":"https:\/\/stoic-curie.212-227-153-4.plesk.page\/pt\/wp-json\/wp\/v2\/product_brand?post=3695598"},{"taxonomy":"product_cat","embeddable":true,"href":"https:\/\/stoic-curie.212-227-153-4.plesk.page\/pt\/wp-json\/wp\/v2\/product_cat?post=3695598"},{"taxonomy":"product_tag","embeddable":true,"href":"https:\/\/stoic-curie.212-227-153-4.plesk.page\/pt\/wp-json\/wp\/v2\/product_tag?post=3695598"}],"curies":[{"name":"wp","href":"https:\/\/api.w.org\/{rel}","templated":true}]}}