{"id":3695599,"date":"2025-10-13T14:05:40","date_gmt":"2025-10-13T18:05:40","guid":{"rendered":"https:\/\/stoic-curie.212-227-153-4.plesk.page\/product\/colete-salva-vidas-aprovado-solas-para-bebes\/"},"modified":"2026-02-25T00:27:52","modified_gmt":"2026-02-25T00:27:52","slug":"colete-salva-vidas-aprovado-solas-para-bebes","status":"publish","type":"product","link":"https:\/\/stoic-curie.212-227-153-4.plesk.page\/pt\/product\/colete-salva-vidas-aprovado-solas-para-bebes\/","title":{"rendered":"Colete Salva-Vidas Aprovado Solas para Beb\u00e9s"},"content":{"rendered":"<p>Colete Salva-Vidas Aprovado Solas para Beb\u00e9s &#8211; <\/p>\n<p>Colete salva-vidas em espuma Solas M.E.D. 2014\/90\/UE fabricado de acordo com as \u00faltimas normas em vigor para o transporte de passageiros e mercadorias. Completo com correia de fivela, la\u00e7o de eleva\u00e7\u00e3o, linha de companhia, fitas refletoras e apito. 170N &#8211; Para uso em \u00e1guas turbulentas, para pessoas (mesmo inconscientes) vestindo roupas pesadas ou imperme\u00e1veis.<\/p>\n","protected":false},"excerpt":{"rendered":"<p>Colete Salva-Vidas Aprovado Solas para Beb\u00e9s &#8211; Colete salva-vidas em espuma Solas M.E.D. 2014\/90\/UE fabricado de acordo com as \u00faltimas<\/p>\n","protected":false},"featured_media":5939607,"comment_status":"closed","ping_status":"closed","template":"","meta":[],"product_brand":[3517],"product_cat":[1893],"product_tag":[],"class_list":{"0":"post-3695599","1":"product","2":"type-product","3":"status-publish","4":"has-post-thumbnail","6":"product_brand-veleria-san-giorgio-pt","7":"product_cat-coletes-salva-vidas-para-criancas","9":"first","10":"instock","11":"shipping-taxable","12":"purchasable","13":"product-type-simple"},"_links":{"self":[{"href":"https:\/\/stoic-curie.212-227-153-4.plesk.page\/pt\/wp-json\/wp\/v2\/product\/3695599","targetHints":{"allow":["GET"]}}],"collection":[{"href":"https:\/\/stoic-curie.212-227-153-4.plesk.page\/pt\/wp-json\/wp\/v2\/product"}],"about":[{"href":"https:\/\/stoic-curie.212-227-153-4.plesk.page\/pt\/wp-json\/wp\/v2\/types\/product"}],"replies":[{"embeddable":true,"href":"https:\/\/stoic-curie.212-227-153-4.plesk.page\/pt\/wp-json\/wp\/v2\/comments?post=3695599"}],"version-history":[{"count":0,"href":"https:\/\/stoic-curie.212-227-153-4.plesk.page\/pt\/wp-json\/wp\/v2\/product\/3695599\/revisions"}],"wp:featuredmedia":[{"embeddable":true,"href":"https:\/\/stoic-curie.212-227-153-4.plesk.page\/pt\/wp-json\/wp\/v2\/media\/5939607"}],"wp:attachment":[{"href":"https:\/\/stoic-curie.212-227-153-4.plesk.page\/pt\/wp-json\/wp\/v2\/media?parent=3695599"}],"wp:term":[{"taxonomy":"product_brand","embeddable":true,"href":"https:\/\/stoic-curie.212-227-153-4.plesk.page\/pt\/wp-json\/wp\/v2\/product_brand?post=3695599"},{"taxonomy":"product_cat","embeddable":true,"href":"https:\/\/stoic-curie.212-227-153-4.plesk.page\/pt\/wp-json\/wp\/v2\/product_cat?post=3695599"},{"taxonomy":"product_tag","embeddable":true,"href":"https:\/\/stoic-curie.212-227-153-4.plesk.page\/pt\/wp-json\/wp\/v2\/product_tag?post=3695599"}],"curies":[{"name":"wp","href":"https:\/\/api.w.org\/{rel}","templated":true}]}}