{"id":3695603,"date":"2025-10-13T14:05:41","date_gmt":"2025-10-13T18:05:41","guid":{"rendered":"https:\/\/stoic-curie.212-227-153-4.plesk.page\/product\/gancho-de-aco-inoxidavel-para-esqui-e-rebocaveis-d60\/"},"modified":"2026-02-25T00:27:52","modified_gmt":"2026-02-25T00:27:52","slug":"gancho-de-aco-inoxidavel-para-esqui-e-rebocaveis-d60","status":"publish","type":"product","link":"https:\/\/stoic-curie.212-227-153-4.plesk.page\/pt\/product\/gancho-de-aco-inoxidavel-para-esqui-e-rebocaveis-d60\/","title":{"rendered":"Gancho de A\u00e7o Inoxid\u00e1vel para Esqui e Reboc\u00e1veis D60"},"content":{"rendered":"<p>Gancho de A\u00e7o Inoxid\u00e1vel para Esqui e Reboc\u00e1veis D60 &#8211; <\/p>\n<p>Anel de reboque para esqui aqu\u00e1tico de a\u00e7o inoxid\u00e1vel para transom.<\/p>\n","protected":false},"excerpt":{"rendered":"<p>Gancho de A\u00e7o Inoxid\u00e1vel para Esqui e Reboc\u00e1veis D60 &#8211; Anel de reboque para esqui aqu\u00e1tico de a\u00e7o inoxid\u00e1vel para<\/p>\n","protected":false},"featured_media":5939613,"comment_status":"closed","ping_status":"closed","template":"","meta":[],"product_brand":[3122],"product_cat":[2133],"product_tag":[],"class_list":{"0":"post-3695603","1":"product","2":"type-product","3":"status-publish","4":"has-post-thumbnail","6":"product_brand-marinetech-pt","7":"product_cat-acessorios-para-esqui-aquatico","9":"first","10":"instock","11":"shipping-taxable","12":"purchasable","13":"product-type-simple"},"_links":{"self":[{"href":"https:\/\/stoic-curie.212-227-153-4.plesk.page\/pt\/wp-json\/wp\/v2\/product\/3695603","targetHints":{"allow":["GET"]}}],"collection":[{"href":"https:\/\/stoic-curie.212-227-153-4.plesk.page\/pt\/wp-json\/wp\/v2\/product"}],"about":[{"href":"https:\/\/stoic-curie.212-227-153-4.plesk.page\/pt\/wp-json\/wp\/v2\/types\/product"}],"replies":[{"embeddable":true,"href":"https:\/\/stoic-curie.212-227-153-4.plesk.page\/pt\/wp-json\/wp\/v2\/comments?post=3695603"}],"version-history":[{"count":0,"href":"https:\/\/stoic-curie.212-227-153-4.plesk.page\/pt\/wp-json\/wp\/v2\/product\/3695603\/revisions"}],"wp:featuredmedia":[{"embeddable":true,"href":"https:\/\/stoic-curie.212-227-153-4.plesk.page\/pt\/wp-json\/wp\/v2\/media\/5939613"}],"wp:attachment":[{"href":"https:\/\/stoic-curie.212-227-153-4.plesk.page\/pt\/wp-json\/wp\/v2\/media?parent=3695603"}],"wp:term":[{"taxonomy":"product_brand","embeddable":true,"href":"https:\/\/stoic-curie.212-227-153-4.plesk.page\/pt\/wp-json\/wp\/v2\/product_brand?post=3695603"},{"taxonomy":"product_cat","embeddable":true,"href":"https:\/\/stoic-curie.212-227-153-4.plesk.page\/pt\/wp-json\/wp\/v2\/product_cat?post=3695603"},{"taxonomy":"product_tag","embeddable":true,"href":"https:\/\/stoic-curie.212-227-153-4.plesk.page\/pt\/wp-json\/wp\/v2\/product_tag?post=3695603"}],"curies":[{"name":"wp","href":"https:\/\/api.w.org\/{rel}","templated":true}]}}