{"id":3695604,"date":"2025-10-13T14:05:41","date_gmt":"2025-10-13T18:05:41","guid":{"rendered":"https:\/\/stoic-curie.212-227-153-4.plesk.page\/product\/argola-de-reboque-de-aco-inoxidavel-d80\/"},"modified":"2026-02-25T00:27:52","modified_gmt":"2026-02-25T00:27:52","slug":"argola-de-reboque-de-aco-inoxidavel-d80","status":"publish","type":"product","link":"https:\/\/stoic-curie.212-227-153-4.plesk.page\/pt\/product\/argola-de-reboque-de-aco-inoxidavel-d80\/","title":{"rendered":"Argola de Reboque de A\u00e7o Inoxid\u00e1vel D80"},"content":{"rendered":"<p>Argola de Reboque de A\u00e7o Inoxid\u00e1vel D80 &#8211; <\/p>\n<p>Anel de reboque para esqui aqu\u00e1tico em a\u00e7o inoxid\u00e1vel para montagem na transom.<\/p>\n","protected":false},"excerpt":{"rendered":"<p>Argola de Reboque de A\u00e7o Inoxid\u00e1vel D80 &#8211; Anel de reboque para esqui aqu\u00e1tico em a\u00e7o inoxid\u00e1vel para montagem na<\/p>\n","protected":false},"featured_media":5939613,"comment_status":"closed","ping_status":"closed","template":"","meta":[],"product_brand":[3237],"product_cat":[2133],"product_tag":[],"class_list":{"0":"post-3695604","1":"product","2":"type-product","3":"status-publish","4":"has-post-thumbnail","6":"product_brand-osculati-pt","7":"product_cat-acessorios-para-esqui-aquatico","9":"first","10":"instock","11":"shipping-taxable","12":"purchasable","13":"product-type-simple"},"_links":{"self":[{"href":"https:\/\/stoic-curie.212-227-153-4.plesk.page\/pt\/wp-json\/wp\/v2\/product\/3695604","targetHints":{"allow":["GET"]}}],"collection":[{"href":"https:\/\/stoic-curie.212-227-153-4.plesk.page\/pt\/wp-json\/wp\/v2\/product"}],"about":[{"href":"https:\/\/stoic-curie.212-227-153-4.plesk.page\/pt\/wp-json\/wp\/v2\/types\/product"}],"replies":[{"embeddable":true,"href":"https:\/\/stoic-curie.212-227-153-4.plesk.page\/pt\/wp-json\/wp\/v2\/comments?post=3695604"}],"version-history":[{"count":0,"href":"https:\/\/stoic-curie.212-227-153-4.plesk.page\/pt\/wp-json\/wp\/v2\/product\/3695604\/revisions"}],"wp:featuredmedia":[{"embeddable":true,"href":"https:\/\/stoic-curie.212-227-153-4.plesk.page\/pt\/wp-json\/wp\/v2\/media\/5939613"}],"wp:attachment":[{"href":"https:\/\/stoic-curie.212-227-153-4.plesk.page\/pt\/wp-json\/wp\/v2\/media?parent=3695604"}],"wp:term":[{"taxonomy":"product_brand","embeddable":true,"href":"https:\/\/stoic-curie.212-227-153-4.plesk.page\/pt\/wp-json\/wp\/v2\/product_brand?post=3695604"},{"taxonomy":"product_cat","embeddable":true,"href":"https:\/\/stoic-curie.212-227-153-4.plesk.page\/pt\/wp-json\/wp\/v2\/product_cat?post=3695604"},{"taxonomy":"product_tag","embeddable":true,"href":"https:\/\/stoic-curie.212-227-153-4.plesk.page\/pt\/wp-json\/wp\/v2\/product_tag?post=3695604"}],"curies":[{"name":"wp","href":"https:\/\/api.w.org\/{rel}","templated":true}]}}