{"id":3695606,"date":"2025-10-13T14:05:42","date_gmt":"2025-10-13T18:05:42","guid":{"rendered":"https:\/\/stoic-curie.212-227-153-4.plesk.page\/product\/linha-de-seguranca-elastica-100-200-cm-com-dois-ganchos\/"},"modified":"2026-02-25T00:27:52","modified_gmt":"2026-02-25T00:27:52","slug":"linha-de-seguranca-elastica-100-200-cm-com-dois-ganchos","status":"publish","type":"product","link":"https:\/\/stoic-curie.212-227-153-4.plesk.page\/pt\/product\/linha-de-seguranca-elastica-100-200-cm-com-dois-ganchos\/","title":{"rendered":"Linha de Seguran\u00e7a El\u00e1stica 100\/200 cm com Dois Ganchos"},"content":{"rendered":"<p>Linha de Seguran\u00e7a El\u00e1stica 100\/200 cm com Dois Ganchos &#8211; <\/p>\n<p> Linha de seguran\u00e7a extens\u00edvel em poli\u00e9ster para arn\u00eas com mosquet\u00f5es de fechamento autom\u00e1tico em a\u00e7o inoxid\u00e1vel 316. Certificado CE ISO12401.<\/p>\n","protected":false},"excerpt":{"rendered":"<p>Linha de Seguran\u00e7a El\u00e1stica 100\/200 cm com Dois Ganchos &#8211; Linha de seguran\u00e7a extens\u00edvel em poli\u00e9ster para arn\u00eas com mosquet\u00f5es<\/p>\n","protected":false},"featured_media":5939616,"comment_status":"closed","ping_status":"closed","template":"","meta":[],"product_brand":[3517],"product_cat":[1891],"product_tag":[],"class_list":{"0":"post-3695606","1":"product","2":"type-product","3":"status-publish","4":"has-post-thumbnail","6":"product_brand-veleria-san-giorgio-pt","7":"product_cat-boias-e-retinidas-salva-vidas","9":"first","10":"instock","11":"shipping-taxable","12":"purchasable","13":"product-type-simple"},"_links":{"self":[{"href":"https:\/\/stoic-curie.212-227-153-4.plesk.page\/pt\/wp-json\/wp\/v2\/product\/3695606","targetHints":{"allow":["GET"]}}],"collection":[{"href":"https:\/\/stoic-curie.212-227-153-4.plesk.page\/pt\/wp-json\/wp\/v2\/product"}],"about":[{"href":"https:\/\/stoic-curie.212-227-153-4.plesk.page\/pt\/wp-json\/wp\/v2\/types\/product"}],"replies":[{"embeddable":true,"href":"https:\/\/stoic-curie.212-227-153-4.plesk.page\/pt\/wp-json\/wp\/v2\/comments?post=3695606"}],"version-history":[{"count":0,"href":"https:\/\/stoic-curie.212-227-153-4.plesk.page\/pt\/wp-json\/wp\/v2\/product\/3695606\/revisions"}],"wp:featuredmedia":[{"embeddable":true,"href":"https:\/\/stoic-curie.212-227-153-4.plesk.page\/pt\/wp-json\/wp\/v2\/media\/5939616"}],"wp:attachment":[{"href":"https:\/\/stoic-curie.212-227-153-4.plesk.page\/pt\/wp-json\/wp\/v2\/media?parent=3695606"}],"wp:term":[{"taxonomy":"product_brand","embeddable":true,"href":"https:\/\/stoic-curie.212-227-153-4.plesk.page\/pt\/wp-json\/wp\/v2\/product_brand?post=3695606"},{"taxonomy":"product_cat","embeddable":true,"href":"https:\/\/stoic-curie.212-227-153-4.plesk.page\/pt\/wp-json\/wp\/v2\/product_cat?post=3695606"},{"taxonomy":"product_tag","embeddable":true,"href":"https:\/\/stoic-curie.212-227-153-4.plesk.page\/pt\/wp-json\/wp\/v2\/product_tag?post=3695606"}],"curies":[{"name":"wp","href":"https:\/\/api.w.org\/{rel}","templated":true}]}}