{"id":3695608,"date":"2025-10-13T14:05:42","date_gmt":"2025-10-13T18:05:42","guid":{"rendered":"https:\/\/stoic-curie.212-227-153-4.plesk.page\/product\/cobertor-de-incendio-certificado-ce-1000-x-1000-mm\/"},"modified":"2026-02-25T00:27:52","modified_gmt":"2026-02-25T00:27:52","slug":"cobertor-de-incendio-certificado-ce-1000-x-1000-mm","status":"publish","type":"product","link":"https:\/\/stoic-curie.212-227-153-4.plesk.page\/pt\/product\/cobertor-de-incendio-certificado-ce-1000-x-1000-mm\/","title":{"rendered":"Cobertor de Inc\u00eandio Certificado CE 1000 x 1000 mm"},"content":{"rendered":"<p>Cobertor de Inc\u00eandio Certificado CE 1000 x 1000 mm &#8211; <\/p>\n<p>Cobertor contra inc\u00eandio certificado pela CE, que deve ser mantido pr\u00f3ximo ao compartimento do motor, fornos e fog\u00f5es.<\/p>\n","protected":false},"excerpt":{"rendered":"<p>Cobertor de Inc\u00eandio Certificado CE 1000 x 1000 mm &#8211; Cobertor contra inc\u00eandio certificado pela CE, que deve ser mantido<\/p>\n","protected":false},"featured_media":5939619,"comment_status":"closed","ping_status":"closed","template":"","meta":[],"product_brand":[2777],"product_cat":[1887],"product_tag":[],"class_list":{"0":"post-3695608","1":"product","2":"type-product","3":"status-publish","4":"has-post-thumbnail","6":"product_brand-anaf-marine-pt","7":"product_cat-extintores-de-incendio","9":"first","10":"instock","11":"shipping-taxable","12":"purchasable","13":"product-type-simple"},"_links":{"self":[{"href":"https:\/\/stoic-curie.212-227-153-4.plesk.page\/pt\/wp-json\/wp\/v2\/product\/3695608","targetHints":{"allow":["GET"]}}],"collection":[{"href":"https:\/\/stoic-curie.212-227-153-4.plesk.page\/pt\/wp-json\/wp\/v2\/product"}],"about":[{"href":"https:\/\/stoic-curie.212-227-153-4.plesk.page\/pt\/wp-json\/wp\/v2\/types\/product"}],"replies":[{"embeddable":true,"href":"https:\/\/stoic-curie.212-227-153-4.plesk.page\/pt\/wp-json\/wp\/v2\/comments?post=3695608"}],"version-history":[{"count":0,"href":"https:\/\/stoic-curie.212-227-153-4.plesk.page\/pt\/wp-json\/wp\/v2\/product\/3695608\/revisions"}],"wp:featuredmedia":[{"embeddable":true,"href":"https:\/\/stoic-curie.212-227-153-4.plesk.page\/pt\/wp-json\/wp\/v2\/media\/5939619"}],"wp:attachment":[{"href":"https:\/\/stoic-curie.212-227-153-4.plesk.page\/pt\/wp-json\/wp\/v2\/media?parent=3695608"}],"wp:term":[{"taxonomy":"product_brand","embeddable":true,"href":"https:\/\/stoic-curie.212-227-153-4.plesk.page\/pt\/wp-json\/wp\/v2\/product_brand?post=3695608"},{"taxonomy":"product_cat","embeddable":true,"href":"https:\/\/stoic-curie.212-227-153-4.plesk.page\/pt\/wp-json\/wp\/v2\/product_cat?post=3695608"},{"taxonomy":"product_tag","embeddable":true,"href":"https:\/\/stoic-curie.212-227-153-4.plesk.page\/pt\/wp-json\/wp\/v2\/product_tag?post=3695608"}],"curies":[{"name":"wp","href":"https:\/\/api.w.org\/{rel}","templated":true}]}}