{"id":3695610,"date":"2025-10-13T14:05:43","date_gmt":"2025-10-13T18:05:43","guid":{"rendered":"https:\/\/stoic-curie.212-227-153-4.plesk.page\/product\/espelho-de-sinalizacao-para-homem-ao-mar\/"},"modified":"2026-02-25T00:27:52","modified_gmt":"2026-02-25T00:27:52","slug":"espelho-de-sinalizacao-para-homem-ao-mar","status":"publish","type":"product","link":"https:\/\/stoic-curie.212-227-153-4.plesk.page\/pt\/product\/espelho-de-sinalizacao-para-homem-ao-mar\/","title":{"rendered":"Espelho de Sinaliza\u00e7\u00e3o para Homem ao Mar"},"content":{"rendered":"<p>Espelho de Sinaliza\u00e7\u00e3o para Homem ao Mar &#8211; <\/p>\n<p>Espelho refletor de raios de sol. Pode sinalizar a posi\u00e7\u00e3o de um barco ou de M.O.B. (Homem ao Mar).<\/p>\n","protected":false},"excerpt":{"rendered":"<p>Espelho de Sinaliza\u00e7\u00e3o para Homem ao Mar &#8211; Espelho refletor de raios de sol. Pode sinalizar a posi\u00e7\u00e3o de um<\/p>\n","protected":false},"featured_media":5939621,"comment_status":"closed","ping_status":"closed","template":"","meta":[],"product_brand":[3517],"product_cat":[1892,2063],"product_tag":[],"class_list":{"0":"post-3695610","1":"product","2":"type-product","3":"status-publish","4":"has-post-thumbnail","6":"product_brand-veleria-san-giorgio-pt","7":"product_cat-acessorios-de-seguranca","8":"product_cat-equipamento-de-sinalizacao","10":"first","11":"instock","12":"shipping-taxable","13":"purchasable","14":"product-type-simple"},"_links":{"self":[{"href":"https:\/\/stoic-curie.212-227-153-4.plesk.page\/pt\/wp-json\/wp\/v2\/product\/3695610","targetHints":{"allow":["GET"]}}],"collection":[{"href":"https:\/\/stoic-curie.212-227-153-4.plesk.page\/pt\/wp-json\/wp\/v2\/product"}],"about":[{"href":"https:\/\/stoic-curie.212-227-153-4.plesk.page\/pt\/wp-json\/wp\/v2\/types\/product"}],"replies":[{"embeddable":true,"href":"https:\/\/stoic-curie.212-227-153-4.plesk.page\/pt\/wp-json\/wp\/v2\/comments?post=3695610"}],"version-history":[{"count":0,"href":"https:\/\/stoic-curie.212-227-153-4.plesk.page\/pt\/wp-json\/wp\/v2\/product\/3695610\/revisions"}],"wp:featuredmedia":[{"embeddable":true,"href":"https:\/\/stoic-curie.212-227-153-4.plesk.page\/pt\/wp-json\/wp\/v2\/media\/5939621"}],"wp:attachment":[{"href":"https:\/\/stoic-curie.212-227-153-4.plesk.page\/pt\/wp-json\/wp\/v2\/media?parent=3695610"}],"wp:term":[{"taxonomy":"product_brand","embeddable":true,"href":"https:\/\/stoic-curie.212-227-153-4.plesk.page\/pt\/wp-json\/wp\/v2\/product_brand?post=3695610"},{"taxonomy":"product_cat","embeddable":true,"href":"https:\/\/stoic-curie.212-227-153-4.plesk.page\/pt\/wp-json\/wp\/v2\/product_cat?post=3695610"},{"taxonomy":"product_tag","embeddable":true,"href":"https:\/\/stoic-curie.212-227-153-4.plesk.page\/pt\/wp-json\/wp\/v2\/product_tag?post=3695610"}],"curies":[{"name":"wp","href":"https:\/\/api.w.org\/{rel}","templated":true}]}}