{"id":3695614,"date":"2025-10-13T14:05:44","date_gmt":"2025-10-13T18:05:44","guid":{"rendered":"https:\/\/stoic-curie.212-227-153-4.plesk.page\/product\/saco-impermeavel-para-vhf-aquapac-225-x-225-mm\/"},"modified":"2026-02-25T00:27:52","modified_gmt":"2026-02-25T00:27:52","slug":"saco-impermeavel-para-vhf-aquapac-225-x-225-mm","status":"publish","type":"product","link":"https:\/\/stoic-curie.212-227-153-4.plesk.page\/pt\/product\/saco-impermeavel-para-vhf-aquapac-225-x-225-mm\/","title":{"rendered":"Saco Imperme\u00e1vel para VHF Aquapac 225 x 225 mm"},"content":{"rendered":"<p>Saco Imperme\u00e1vel para VHF Aquapac 225 x 225 mm &#8211; <\/p>\n<p>Estojo \u00e0 prova d&#8217;\u00e1gua submers\u00edvel para VHF at\u00e9 10 m. N\u00e3o interfere no som ou sinais de r\u00e1dio; todos os bot\u00f5es e fun\u00e7\u00f5es funcionam normalmente atrav\u00e9s do estojo. Completo com cord\u00e3o.<\/p>\n","protected":false},"excerpt":{"rendered":"<p>Saco Imperme\u00e1vel para VHF Aquapac 225 x 225 mm &#8211; Estojo \u00e0 prova d&#8217;\u00e1gua submers\u00edvel para VHF at\u00e9 10 m.<\/p>\n","protected":false},"featured_media":5939624,"comment_status":"closed","ping_status":"closed","template":"","meta":[],"product_brand":[2797],"product_cat":[2142],"product_tag":[],"class_list":{"0":"post-3695614","1":"product","2":"type-product","3":"status-publish","4":"has-post-thumbnail","6":"product_brand-aquapac-pt","7":"product_cat-sacos-e-bolsas-estanques","9":"first","10":"instock","11":"shipping-taxable","12":"purchasable","13":"product-type-simple"},"_links":{"self":[{"href":"https:\/\/stoic-curie.212-227-153-4.plesk.page\/pt\/wp-json\/wp\/v2\/product\/3695614","targetHints":{"allow":["GET"]}}],"collection":[{"href":"https:\/\/stoic-curie.212-227-153-4.plesk.page\/pt\/wp-json\/wp\/v2\/product"}],"about":[{"href":"https:\/\/stoic-curie.212-227-153-4.plesk.page\/pt\/wp-json\/wp\/v2\/types\/product"}],"replies":[{"embeddable":true,"href":"https:\/\/stoic-curie.212-227-153-4.plesk.page\/pt\/wp-json\/wp\/v2\/comments?post=3695614"}],"version-history":[{"count":0,"href":"https:\/\/stoic-curie.212-227-153-4.plesk.page\/pt\/wp-json\/wp\/v2\/product\/3695614\/revisions"}],"wp:featuredmedia":[{"embeddable":true,"href":"https:\/\/stoic-curie.212-227-153-4.plesk.page\/pt\/wp-json\/wp\/v2\/media\/5939624"}],"wp:attachment":[{"href":"https:\/\/stoic-curie.212-227-153-4.plesk.page\/pt\/wp-json\/wp\/v2\/media?parent=3695614"}],"wp:term":[{"taxonomy":"product_brand","embeddable":true,"href":"https:\/\/stoic-curie.212-227-153-4.plesk.page\/pt\/wp-json\/wp\/v2\/product_brand?post=3695614"},{"taxonomy":"product_cat","embeddable":true,"href":"https:\/\/stoic-curie.212-227-153-4.plesk.page\/pt\/wp-json\/wp\/v2\/product_cat?post=3695614"},{"taxonomy":"product_tag","embeddable":true,"href":"https:\/\/stoic-curie.212-227-153-4.plesk.page\/pt\/wp-json\/wp\/v2\/product_tag?post=3695614"}],"curies":[{"name":"wp","href":"https:\/\/api.w.org\/{rel}","templated":true}]}}