{"id":3695620,"date":"2025-10-13T14:05:46","date_gmt":"2025-10-13T18:05:46","guid":{"rendered":"https:\/\/stoic-curie.212-227-153-4.plesk.page\/product\/recipientes-cilindricos-estanques-24-x-a38-cm\/"},"modified":"2026-02-25T00:27:52","modified_gmt":"2026-02-25T00:27:52","slug":"recipientes-cilindricos-estanques-24-x-a38-cm","status":"publish","type":"product","link":"https:\/\/stoic-curie.212-227-153-4.plesk.page\/pt\/product\/recipientes-cilindricos-estanques-24-x-a38-cm\/","title":{"rendered":"Recipientes Cil\u00edndricos Estanques 24 x A38 cm"},"content":{"rendered":"<p>Recipientes Cil\u00edndricos Estanques 24 x A38 cm &#8211; <\/p>\n<p>Latas cil\u00edndricas \u00e0 prova d&#8217;\u00e1gua para armazenamento de foguetes de sinaliza\u00e7\u00e3o, medicamentos, objetos pessoais, etc. Di\u00e2metro do pesco\u00e7o 127 mm.<\/p>\n","protected":false},"excerpt":{"rendered":"<p>Recipientes Cil\u00edndricos Estanques 24 x A38 cm &#8211; Latas cil\u00edndricas \u00e0 prova d&#8217;\u00e1gua para armazenamento de foguetes de sinaliza\u00e7\u00e3o, medicamentos,<\/p>\n","protected":false},"featured_media":5939632,"comment_status":"closed","ping_status":"closed","template":"","meta":[],"product_brand":[2857],"product_cat":[2142],"product_tag":[],"class_list":{"0":"post-3695620","1":"product","2":"type-product","3":"status-publish","4":"has-post-thumbnail","6":"product_brand-can-marine-pt","7":"product_cat-sacos-e-bolsas-estanques","9":"first","10":"instock","11":"shipping-taxable","12":"purchasable","13":"product-type-simple"},"_links":{"self":[{"href":"https:\/\/stoic-curie.212-227-153-4.plesk.page\/pt\/wp-json\/wp\/v2\/product\/3695620","targetHints":{"allow":["GET"]}}],"collection":[{"href":"https:\/\/stoic-curie.212-227-153-4.plesk.page\/pt\/wp-json\/wp\/v2\/product"}],"about":[{"href":"https:\/\/stoic-curie.212-227-153-4.plesk.page\/pt\/wp-json\/wp\/v2\/types\/product"}],"replies":[{"embeddable":true,"href":"https:\/\/stoic-curie.212-227-153-4.plesk.page\/pt\/wp-json\/wp\/v2\/comments?post=3695620"}],"version-history":[{"count":0,"href":"https:\/\/stoic-curie.212-227-153-4.plesk.page\/pt\/wp-json\/wp\/v2\/product\/3695620\/revisions"}],"wp:featuredmedia":[{"embeddable":true,"href":"https:\/\/stoic-curie.212-227-153-4.plesk.page\/pt\/wp-json\/wp\/v2\/media\/5939632"}],"wp:attachment":[{"href":"https:\/\/stoic-curie.212-227-153-4.plesk.page\/pt\/wp-json\/wp\/v2\/media?parent=3695620"}],"wp:term":[{"taxonomy":"product_brand","embeddable":true,"href":"https:\/\/stoic-curie.212-227-153-4.plesk.page\/pt\/wp-json\/wp\/v2\/product_brand?post=3695620"},{"taxonomy":"product_cat","embeddable":true,"href":"https:\/\/stoic-curie.212-227-153-4.plesk.page\/pt\/wp-json\/wp\/v2\/product_cat?post=3695620"},{"taxonomy":"product_tag","embeddable":true,"href":"https:\/\/stoic-curie.212-227-153-4.plesk.page\/pt\/wp-json\/wp\/v2\/product_tag?post=3695620"}],"curies":[{"name":"wp","href":"https:\/\/api.w.org\/{rel}","templated":true}]}}