{"id":3695622,"date":"2025-10-13T14:05:47","date_gmt":"2025-10-13T18:05:47","guid":{"rendered":"https:\/\/stoic-curie.212-227-153-4.plesk.page\/product\/refletor-de-radar-tubular-50-x-a570-mm-2-5-milhas\/"},"modified":"2026-02-25T00:27:52","modified_gmt":"2026-02-25T00:27:52","slug":"refletor-de-radar-tubular-50-x-a570-mm-2-5-milhas","status":"publish","type":"product","link":"https:\/\/stoic-curie.212-227-153-4.plesk.page\/pt\/product\/refletor-de-radar-tubular-50-x-a570-mm-2-5-milhas\/","title":{"rendered":"Refletor de Radar Tubular 50 x A570 mm (2.5 milhas)"},"content":{"rendered":"<p>Refletor de Radar Tubular 50 x A570 mm (2.5 milhas) &#8211; <\/p>\n<p>Refletor radar tubular universal para veleiros. Pode ser i\u00e7ado na amarra\u00e7\u00e3o ou montado no ch\u00e3o com a base opcional c\u00f3digo 3035212. Excelente resposta ao radar devido \u00e0 superf\u00edcie refletora aumentada.<\/p>\n","protected":false},"excerpt":{"rendered":"<p>Refletor de Radar Tubular 50 x A570 mm (2.5 milhas) &#8211; Refletor radar tubular universal para veleiros. Pode ser i\u00e7ado<\/p>\n","protected":false},"featured_media":5939637,"comment_status":"closed","ping_status":"closed","template":"","meta":[],"product_brand":[2877],"product_cat":[1892,2058,2063],"product_tag":[],"class_list":{"0":"post-3695622","1":"product","2":"type-product","3":"status-publish","4":"has-post-thumbnail","6":"product_brand-davis-pt","7":"product_cat-acessorios-de-seguranca","8":"product_cat-acessorios-para-veleiro","9":"product_cat-equipamento-de-sinalizacao","11":"first","12":"instock","13":"shipping-taxable","14":"purchasable","15":"product-type-simple"},"_links":{"self":[{"href":"https:\/\/stoic-curie.212-227-153-4.plesk.page\/pt\/wp-json\/wp\/v2\/product\/3695622","targetHints":{"allow":["GET"]}}],"collection":[{"href":"https:\/\/stoic-curie.212-227-153-4.plesk.page\/pt\/wp-json\/wp\/v2\/product"}],"about":[{"href":"https:\/\/stoic-curie.212-227-153-4.plesk.page\/pt\/wp-json\/wp\/v2\/types\/product"}],"replies":[{"embeddable":true,"href":"https:\/\/stoic-curie.212-227-153-4.plesk.page\/pt\/wp-json\/wp\/v2\/comments?post=3695622"}],"version-history":[{"count":0,"href":"https:\/\/stoic-curie.212-227-153-4.plesk.page\/pt\/wp-json\/wp\/v2\/product\/3695622\/revisions"}],"wp:featuredmedia":[{"embeddable":true,"href":"https:\/\/stoic-curie.212-227-153-4.plesk.page\/pt\/wp-json\/wp\/v2\/media\/5939637"}],"wp:attachment":[{"href":"https:\/\/stoic-curie.212-227-153-4.plesk.page\/pt\/wp-json\/wp\/v2\/media?parent=3695622"}],"wp:term":[{"taxonomy":"product_brand","embeddable":true,"href":"https:\/\/stoic-curie.212-227-153-4.plesk.page\/pt\/wp-json\/wp\/v2\/product_brand?post=3695622"},{"taxonomy":"product_cat","embeddable":true,"href":"https:\/\/stoic-curie.212-227-153-4.plesk.page\/pt\/wp-json\/wp\/v2\/product_cat?post=3695622"},{"taxonomy":"product_tag","embeddable":true,"href":"https:\/\/stoic-curie.212-227-153-4.plesk.page\/pt\/wp-json\/wp\/v2\/product_tag?post=3695622"}],"curies":[{"name":"wp","href":"https:\/\/api.w.org\/{rel}","templated":true}]}}