{"id":3695637,"date":"2025-10-13T14:05:56","date_gmt":"2025-10-13T18:05:56","guid":{"rendered":"https:\/\/stoic-curie.212-227-153-4.plesk.page\/product\/saco-para-cabos-de-mestra-20-x-50cm\/"},"modified":"2026-02-25T00:27:52","modified_gmt":"2026-02-25T00:27:52","slug":"saco-para-cabos-de-mestra-20-x-50cm","status":"publish","type":"product","link":"https:\/\/stoic-curie.212-227-153-4.plesk.page\/pt\/product\/saco-para-cabos-de-mestra-20-x-50cm\/","title":{"rendered":"Saco para Cabos de Mestra 20 x 50cm"},"content":{"rendered":"<p>Saco para Cabos de Mestra 20 x 50cm &#8211; <\/p>\n<p>Saco de rede com cord\u00e3o de fechamento r\u00e1pido e gancho de montagem. Ideal para armazenar cordas e panos. Permite a secagem f\u00e1cil de cordas molhadas, toalhas, etc.<\/p>\n","protected":false},"excerpt":{"rendered":"<p>Saco para Cabos de Mestra 20 x 50cm &#8211; Saco de rede com cord\u00e3o de fechamento r\u00e1pido e gancho de<\/p>\n","protected":false},"featured_media":5939657,"comment_status":"closed","ping_status":"closed","template":"","meta":[],"product_brand":[3237],"product_cat":[1931,2055],"product_tag":[],"class_list":{"0":"post-3695637","1":"product","2":"type-product","3":"status-publish","4":"has-post-thumbnail","6":"product_brand-osculati-pt","7":"product_cat-acessorios-de-arrumacao","8":"product_cat-escotas-e-adricas","10":"first","11":"instock","12":"shipping-taxable","13":"purchasable","14":"product-type-simple"},"_links":{"self":[{"href":"https:\/\/stoic-curie.212-227-153-4.plesk.page\/pt\/wp-json\/wp\/v2\/product\/3695637","targetHints":{"allow":["GET"]}}],"collection":[{"href":"https:\/\/stoic-curie.212-227-153-4.plesk.page\/pt\/wp-json\/wp\/v2\/product"}],"about":[{"href":"https:\/\/stoic-curie.212-227-153-4.plesk.page\/pt\/wp-json\/wp\/v2\/types\/product"}],"replies":[{"embeddable":true,"href":"https:\/\/stoic-curie.212-227-153-4.plesk.page\/pt\/wp-json\/wp\/v2\/comments?post=3695637"}],"version-history":[{"count":0,"href":"https:\/\/stoic-curie.212-227-153-4.plesk.page\/pt\/wp-json\/wp\/v2\/product\/3695637\/revisions"}],"wp:featuredmedia":[{"embeddable":true,"href":"https:\/\/stoic-curie.212-227-153-4.plesk.page\/pt\/wp-json\/wp\/v2\/media\/5939657"}],"wp:attachment":[{"href":"https:\/\/stoic-curie.212-227-153-4.plesk.page\/pt\/wp-json\/wp\/v2\/media?parent=3695637"}],"wp:term":[{"taxonomy":"product_brand","embeddable":true,"href":"https:\/\/stoic-curie.212-227-153-4.plesk.page\/pt\/wp-json\/wp\/v2\/product_brand?post=3695637"},{"taxonomy":"product_cat","embeddable":true,"href":"https:\/\/stoic-curie.212-227-153-4.plesk.page\/pt\/wp-json\/wp\/v2\/product_cat?post=3695637"},{"taxonomy":"product_tag","embeddable":true,"href":"https:\/\/stoic-curie.212-227-153-4.plesk.page\/pt\/wp-json\/wp\/v2\/product_tag?post=3695637"}],"curies":[{"name":"wp","href":"https:\/\/api.w.org\/{rel}","templated":true}]}}