{"id":3695645,"date":"2025-10-13T14:05:59","date_gmt":"2025-10-13T18:05:59","guid":{"rendered":"https:\/\/stoic-curie.212-227-153-4.plesk.page\/product\/amortecedor-para-amarra-modelo-unimer-inline-com-corda-de-16-20mm\/"},"modified":"2026-02-25T00:27:52","modified_gmt":"2026-02-25T00:27:52","slug":"amortecedor-para-amarra-modelo-unimer-inline-com-corda-de-16-20mm","status":"publish","type":"product","link":"https:\/\/stoic-curie.212-227-153-4.plesk.page\/pt\/product\/amortecedor-para-amarra-modelo-unimer-inline-com-corda-de-16-20mm\/","title":{"rendered":"Amortecedor para Amarra Modelo Unimer Inline com Corda de 16\/20mm"},"content":{"rendered":"<p>Amortecedor para Amarra Modelo Unimer Inline com Corda de 16\/20mm &#8211; <\/p>\n<p>Amortecedor de atraca\u00e7\u00e3o moldado sueco em borracha EPDM quase indestrut\u00edvel. Os 6 furos para a linha e os inlines em cada extremidade proporcionam a suspens\u00e3o mais f\u00e1cil, segura e acolchoada, evitando danos \u00e0s cordas e \u00e0s moit\u00f5es, ao mesmo tempo que prolonga a vida \u00fatil do seu barco. Dispon\u00edvel em 3 tamanhos, adequado para cordas com di\u00e2metro entre 8 e 20 mm.<\/p>\n","protected":false},"excerpt":{"rendered":"<p>Amortecedor para Amarra Modelo Unimer Inline com Corda de 16\/20mm &#8211; Amortecedor de atraca\u00e7\u00e3o moldado sueco em borracha EPDM quase<\/p>\n","protected":false},"featured_media":5939660,"comment_status":"closed","ping_status":"closed","template":"","meta":[],"product_brand":[3507],"product_cat":[1911],"product_tag":[],"class_list":{"0":"post-3695645","1":"product","2":"type-product","3":"status-publish","4":"has-post-thumbnail","6":"product_brand-unimer-pt","7":"product_cat-amortecedores-de-amarracao","9":"first","10":"instock","11":"shipping-taxable","12":"purchasable","13":"product-type-simple"},"_links":{"self":[{"href":"https:\/\/stoic-curie.212-227-153-4.plesk.page\/pt\/wp-json\/wp\/v2\/product\/3695645","targetHints":{"allow":["GET"]}}],"collection":[{"href":"https:\/\/stoic-curie.212-227-153-4.plesk.page\/pt\/wp-json\/wp\/v2\/product"}],"about":[{"href":"https:\/\/stoic-curie.212-227-153-4.plesk.page\/pt\/wp-json\/wp\/v2\/types\/product"}],"replies":[{"embeddable":true,"href":"https:\/\/stoic-curie.212-227-153-4.plesk.page\/pt\/wp-json\/wp\/v2\/comments?post=3695645"}],"version-history":[{"count":0,"href":"https:\/\/stoic-curie.212-227-153-4.plesk.page\/pt\/wp-json\/wp\/v2\/product\/3695645\/revisions"}],"wp:featuredmedia":[{"embeddable":true,"href":"https:\/\/stoic-curie.212-227-153-4.plesk.page\/pt\/wp-json\/wp\/v2\/media\/5939660"}],"wp:attachment":[{"href":"https:\/\/stoic-curie.212-227-153-4.plesk.page\/pt\/wp-json\/wp\/v2\/media?parent=3695645"}],"wp:term":[{"taxonomy":"product_brand","embeddable":true,"href":"https:\/\/stoic-curie.212-227-153-4.plesk.page\/pt\/wp-json\/wp\/v2\/product_brand?post=3695645"},{"taxonomy":"product_cat","embeddable":true,"href":"https:\/\/stoic-curie.212-227-153-4.plesk.page\/pt\/wp-json\/wp\/v2\/product_cat?post=3695645"},{"taxonomy":"product_tag","embeddable":true,"href":"https:\/\/stoic-curie.212-227-153-4.plesk.page\/pt\/wp-json\/wp\/v2\/product_tag?post=3695645"}],"curies":[{"name":"wp","href":"https:\/\/api.w.org\/{rel}","templated":true}]}}