{"id":3695646,"date":"2025-10-13T14:05:59","date_gmt":"2025-10-13T18:05:59","guid":{"rendered":"https:\/\/stoic-curie.212-227-153-4.plesk.page\/product\/amortecedor-para-amarra-modelo-unimer-riviera-lx-com-corda-de-12-14mm\/"},"modified":"2026-02-25T00:27:52","modified_gmt":"2026-02-25T00:27:52","slug":"amortecedor-para-amarra-modelo-unimer-riviera-lx-com-corda-de-12-14mm","status":"publish","type":"product","link":"https:\/\/stoic-curie.212-227-153-4.plesk.page\/pt\/product\/amortecedor-para-amarra-modelo-unimer-riviera-lx-com-corda-de-12-14mm\/","title":{"rendered":"Amortecedor para Amarra Modelo Unimer Riviera Lx com Corda de 12\/14mm"},"content":{"rendered":"<p>Amortecedor para Amarra Modelo Unimer Riviera Lx com Corda de 12\/14mm &#8211; <\/p>\n<p>Snubber de amarra\u00e7\u00e3o de material el\u00e1stico resistente a UV. Evita danos aos barcos absorvendo cargas instant\u00e2neas nas linhas de amarra\u00e7\u00e3o. \u00c9 f\u00e1cil de instalar usando apenas 2 n\u00f3s sem cortar a linha de amarra\u00e7\u00e3o. O comprimento entre os 2 n\u00f3s deve ser quase uma vez e meia o comprimento do compensador.<\/p>\n","protected":false},"excerpt":{"rendered":"<p>Amortecedor para Amarra Modelo Unimer Riviera Lx com Corda de 12\/14mm &#8211; Snubber de amarra\u00e7\u00e3o de material el\u00e1stico resistente a<\/p>\n","protected":false},"featured_media":5939664,"comment_status":"closed","ping_status":"closed","template":"","meta":[],"product_brand":[3307],"product_cat":[1911],"product_tag":[],"class_list":{"0":"post-3695646","1":"product","2":"type-product","3":"status-publish","4":"has-post-thumbnail","6":"product_brand-riviera-pt","7":"product_cat-amortecedores-de-amarracao","9":"first","10":"instock","11":"shipping-taxable","12":"purchasable","13":"product-type-simple"},"_links":{"self":[{"href":"https:\/\/stoic-curie.212-227-153-4.plesk.page\/pt\/wp-json\/wp\/v2\/product\/3695646","targetHints":{"allow":["GET"]}}],"collection":[{"href":"https:\/\/stoic-curie.212-227-153-4.plesk.page\/pt\/wp-json\/wp\/v2\/product"}],"about":[{"href":"https:\/\/stoic-curie.212-227-153-4.plesk.page\/pt\/wp-json\/wp\/v2\/types\/product"}],"replies":[{"embeddable":true,"href":"https:\/\/stoic-curie.212-227-153-4.plesk.page\/pt\/wp-json\/wp\/v2\/comments?post=3695646"}],"version-history":[{"count":0,"href":"https:\/\/stoic-curie.212-227-153-4.plesk.page\/pt\/wp-json\/wp\/v2\/product\/3695646\/revisions"}],"wp:featuredmedia":[{"embeddable":true,"href":"https:\/\/stoic-curie.212-227-153-4.plesk.page\/pt\/wp-json\/wp\/v2\/media\/5939664"}],"wp:attachment":[{"href":"https:\/\/stoic-curie.212-227-153-4.plesk.page\/pt\/wp-json\/wp\/v2\/media?parent=3695646"}],"wp:term":[{"taxonomy":"product_brand","embeddable":true,"href":"https:\/\/stoic-curie.212-227-153-4.plesk.page\/pt\/wp-json\/wp\/v2\/product_brand?post=3695646"},{"taxonomy":"product_cat","embeddable":true,"href":"https:\/\/stoic-curie.212-227-153-4.plesk.page\/pt\/wp-json\/wp\/v2\/product_cat?post=3695646"},{"taxonomy":"product_tag","embeddable":true,"href":"https:\/\/stoic-curie.212-227-153-4.plesk.page\/pt\/wp-json\/wp\/v2\/product_tag?post=3695646"}],"curies":[{"name":"wp","href":"https:\/\/api.w.org\/{rel}","templated":true}]}}