{"id":3695648,"date":"2025-10-13T14:05:59","date_gmt":"2025-10-13T18:05:59","guid":{"rendered":"https:\/\/stoic-curie.212-227-153-4.plesk.page\/product\/amortecedor-para-amarra-unimer-u-cleat-para-corda-de-12-16mm\/"},"modified":"2026-02-25T00:27:52","modified_gmt":"2026-02-25T00:27:52","slug":"amortecedor-para-amarra-unimer-u-cleat-para-corda-de-12-16mm","status":"publish","type":"product","link":"https:\/\/stoic-curie.212-227-153-4.plesk.page\/pt\/product\/amortecedor-para-amarra-unimer-u-cleat-para-corda-de-12-16mm\/","title":{"rendered":"Amortecedor para Amarra Unimer U Cleat para Corda de 12\/16mm"},"content":{"rendered":"<p>Amortecedor para Amarra Unimer U Cleat para Corda de 12\/16mm &#8211; <\/p>\n<p>O amortecedor de ancoragem U-Cleat possui um mecanismo de bloqueio remov\u00edvel. O U-Cleat pode ser facilmente reposicionado ap\u00f3s a instala\u00e7\u00e3o, transferido para outra linha ou ajustado a uma linha com emendas de olho ou an\u00e9is em ambas as extremidades. Constru\u00eddo em borracha EPDM resistente e estriada, fornece a ancoragem mais f\u00e1cil e acolchoada, evita danos \u00e0s cordas e aros, ao mesmo tempo que aumenta a vida \u00fatil do seu barco. O comprimento do movimento compensador pode ser variado girando a linha um n\u00famero diferente de voltas ao redor do compensador (nunca mais de 3): mais voltas, mais compensa\u00e7\u00e3o.<\/p>\n","protected":false},"excerpt":{"rendered":"<p>Amortecedor para Amarra Unimer U Cleat para Corda de 12\/16mm &#8211; O amortecedor de ancoragem U-Cleat possui um mecanismo de<\/p>\n","protected":false},"featured_media":5939668,"comment_status":"closed","ping_status":"closed","template":"","meta":[],"product_brand":[3507],"product_cat":[1911],"product_tag":[],"class_list":{"0":"post-3695648","1":"product","2":"type-product","3":"status-publish","4":"has-post-thumbnail","6":"product_brand-unimer-pt","7":"product_cat-amortecedores-de-amarracao","9":"first","10":"instock","11":"shipping-taxable","12":"purchasable","13":"product-type-simple"},"_links":{"self":[{"href":"https:\/\/stoic-curie.212-227-153-4.plesk.page\/pt\/wp-json\/wp\/v2\/product\/3695648","targetHints":{"allow":["GET"]}}],"collection":[{"href":"https:\/\/stoic-curie.212-227-153-4.plesk.page\/pt\/wp-json\/wp\/v2\/product"}],"about":[{"href":"https:\/\/stoic-curie.212-227-153-4.plesk.page\/pt\/wp-json\/wp\/v2\/types\/product"}],"replies":[{"embeddable":true,"href":"https:\/\/stoic-curie.212-227-153-4.plesk.page\/pt\/wp-json\/wp\/v2\/comments?post=3695648"}],"version-history":[{"count":0,"href":"https:\/\/stoic-curie.212-227-153-4.plesk.page\/pt\/wp-json\/wp\/v2\/product\/3695648\/revisions"}],"wp:featuredmedia":[{"embeddable":true,"href":"https:\/\/stoic-curie.212-227-153-4.plesk.page\/pt\/wp-json\/wp\/v2\/media\/5939668"}],"wp:attachment":[{"href":"https:\/\/stoic-curie.212-227-153-4.plesk.page\/pt\/wp-json\/wp\/v2\/media?parent=3695648"}],"wp:term":[{"taxonomy":"product_brand","embeddable":true,"href":"https:\/\/stoic-curie.212-227-153-4.plesk.page\/pt\/wp-json\/wp\/v2\/product_brand?post=3695648"},{"taxonomy":"product_cat","embeddable":true,"href":"https:\/\/stoic-curie.212-227-153-4.plesk.page\/pt\/wp-json\/wp\/v2\/product_cat?post=3695648"},{"taxonomy":"product_tag","embeddable":true,"href":"https:\/\/stoic-curie.212-227-153-4.plesk.page\/pt\/wp-json\/wp\/v2\/product_tag?post=3695648"}],"curies":[{"name":"wp","href":"https:\/\/api.w.org\/{rel}","templated":true}]}}