{"id":3695650,"date":"2025-10-13T14:05:59","date_gmt":"2025-10-13T18:05:59","guid":{"rendered":"https:\/\/stoic-curie.212-227-153-4.plesk.page\/product\/cordoes-elasticos-de-choque-com-2-ganchos-pretos-de-6mm-x-30cm\/"},"modified":"2026-02-25T00:27:52","modified_gmt":"2026-02-25T00:27:52","slug":"cordoes-elasticos-de-choque-com-2-ganchos-pretos-de-6mm-x-30cm","status":"publish","type":"product","link":"https:\/\/stoic-curie.212-227-153-4.plesk.page\/pt\/product\/cordoes-elasticos-de-choque-com-2-ganchos-pretos-de-6mm-x-30cm\/","title":{"rendered":"Cord\u00f5es El\u00e1sticos de Choque com 2 Ganchos Pretos de 6mm x 30cm"},"content":{"rendered":"<p>Cord\u00f5es El\u00e1sticos de Choque com 2 Ganchos Pretos de 6mm x 30cm &#8211; <\/p>\n<p>2 ganchos de nylon cl\u00e1ssicos para cordas el\u00e1sticas.<\/p>\n","protected":false},"excerpt":{"rendered":"<p>Cord\u00f5es El\u00e1sticos de Choque com 2 Ganchos Pretos de 6mm x 30cm &#8211; 2 ganchos de nylon cl\u00e1ssicos para cordas<\/p>\n","protected":false},"featured_media":5939678,"comment_status":"closed","ping_status":"closed","template":"","meta":[],"product_brand":[3492],"product_cat":[2058,1895],"product_tag":[],"class_list":{"0":"post-3695650","1":"product","2":"type-product","3":"status-publish","4":"has-post-thumbnail","6":"product_brand-trem-pt","7":"product_cat-acessorios-para-veleiro","8":"product_cat-corda-elastica","10":"first","11":"instock","12":"shipping-taxable","13":"purchasable","14":"product-type-simple"},"_links":{"self":[{"href":"https:\/\/stoic-curie.212-227-153-4.plesk.page\/pt\/wp-json\/wp\/v2\/product\/3695650","targetHints":{"allow":["GET"]}}],"collection":[{"href":"https:\/\/stoic-curie.212-227-153-4.plesk.page\/pt\/wp-json\/wp\/v2\/product"}],"about":[{"href":"https:\/\/stoic-curie.212-227-153-4.plesk.page\/pt\/wp-json\/wp\/v2\/types\/product"}],"replies":[{"embeddable":true,"href":"https:\/\/stoic-curie.212-227-153-4.plesk.page\/pt\/wp-json\/wp\/v2\/comments?post=3695650"}],"version-history":[{"count":0,"href":"https:\/\/stoic-curie.212-227-153-4.plesk.page\/pt\/wp-json\/wp\/v2\/product\/3695650\/revisions"}],"wp:featuredmedia":[{"embeddable":true,"href":"https:\/\/stoic-curie.212-227-153-4.plesk.page\/pt\/wp-json\/wp\/v2\/media\/5939678"}],"wp:attachment":[{"href":"https:\/\/stoic-curie.212-227-153-4.plesk.page\/pt\/wp-json\/wp\/v2\/media?parent=3695650"}],"wp:term":[{"taxonomy":"product_brand","embeddable":true,"href":"https:\/\/stoic-curie.212-227-153-4.plesk.page\/pt\/wp-json\/wp\/v2\/product_brand?post=3695650"},{"taxonomy":"product_cat","embeddable":true,"href":"https:\/\/stoic-curie.212-227-153-4.plesk.page\/pt\/wp-json\/wp\/v2\/product_cat?post=3695650"},{"taxonomy":"product_tag","embeddable":true,"href":"https:\/\/stoic-curie.212-227-153-4.plesk.page\/pt\/wp-json\/wp\/v2\/product_tag?post=3695650"}],"curies":[{"name":"wp","href":"https:\/\/api.w.org\/{rel}","templated":true}]}}