{"id":3695652,"date":"2025-10-13T14:06:00","date_gmt":"2025-10-13T18:06:00","guid":{"rendered":"https:\/\/stoic-curie.212-227-153-4.plesk.page\/product\/cordoes-de-choque-com-ganchos-de-aco-inoxidavel-de-30cm\/"},"modified":"2026-02-25T00:27:52","modified_gmt":"2026-02-25T00:27:52","slug":"cordoes-de-choque-com-ganchos-de-aco-inoxidavel-de-30cm","status":"publish","type":"product","link":"https:\/\/stoic-curie.212-227-153-4.plesk.page\/pt\/product\/cordoes-de-choque-com-ganchos-de-aco-inoxidavel-de-30cm\/","title":{"rendered":"Cord\u00f5es de Choque com Ganchos de A\u00e7o Inoxid\u00e1vel de 30cm"},"content":{"rendered":"<p>Cord\u00f5es de Choque com Ganchos de A\u00e7o Inoxid\u00e1vel de 30cm &#8211; <\/p>\n<p>Cordas de choque em a\u00e7o inoxid\u00e1vel com 2 ganchos.<\/p>\n","protected":false},"excerpt":{"rendered":"<p>Cord\u00f5es de Choque com Ganchos de A\u00e7o Inoxid\u00e1vel de 30cm &#8211; Cordas de choque em a\u00e7o inoxid\u00e1vel com 2 ganchos.<\/p>\n","protected":false},"featured_media":5939679,"comment_status":"closed","ping_status":"closed","template":"","meta":[],"product_brand":[3492],"product_cat":[1895,2125],"product_tag":[],"class_list":{"0":"post-3695652","1":"product","2":"type-product","3":"status-publish","4":"has-post-thumbnail","6":"product_brand-trem-pt","7":"product_cat-corda-elastica","8":"product_cat-correias-e-cintas-com-roquete","10":"first","11":"instock","12":"shipping-taxable","13":"purchasable","14":"product-type-simple"},"_links":{"self":[{"href":"https:\/\/stoic-curie.212-227-153-4.plesk.page\/pt\/wp-json\/wp\/v2\/product\/3695652","targetHints":{"allow":["GET"]}}],"collection":[{"href":"https:\/\/stoic-curie.212-227-153-4.plesk.page\/pt\/wp-json\/wp\/v2\/product"}],"about":[{"href":"https:\/\/stoic-curie.212-227-153-4.plesk.page\/pt\/wp-json\/wp\/v2\/types\/product"}],"replies":[{"embeddable":true,"href":"https:\/\/stoic-curie.212-227-153-4.plesk.page\/pt\/wp-json\/wp\/v2\/comments?post=3695652"}],"version-history":[{"count":0,"href":"https:\/\/stoic-curie.212-227-153-4.plesk.page\/pt\/wp-json\/wp\/v2\/product\/3695652\/revisions"}],"wp:featuredmedia":[{"embeddable":true,"href":"https:\/\/stoic-curie.212-227-153-4.plesk.page\/pt\/wp-json\/wp\/v2\/media\/5939679"}],"wp:attachment":[{"href":"https:\/\/stoic-curie.212-227-153-4.plesk.page\/pt\/wp-json\/wp\/v2\/media?parent=3695652"}],"wp:term":[{"taxonomy":"product_brand","embeddable":true,"href":"https:\/\/stoic-curie.212-227-153-4.plesk.page\/pt\/wp-json\/wp\/v2\/product_brand?post=3695652"},{"taxonomy":"product_cat","embeddable":true,"href":"https:\/\/stoic-curie.212-227-153-4.plesk.page\/pt\/wp-json\/wp\/v2\/product_cat?post=3695652"},{"taxonomy":"product_tag","embeddable":true,"href":"https:\/\/stoic-curie.212-227-153-4.plesk.page\/pt\/wp-json\/wp\/v2\/product_tag?post=3695652"}],"curies":[{"name":"wp","href":"https:\/\/api.w.org\/{rel}","templated":true}]}}